{"id":4891,"date":"2022-07-08T05:34:22","date_gmt":"2022-07-08T05:34:22","guid":{"rendered":"https:\/\/winnerrecruitment.co.uk\/candidati\/"},"modified":"2022-11-28T11:53:36","modified_gmt":"2022-11-28T11:53:36","slug":"candidati","status":"publish","type":"page","link":"https:\/\/winnerrecruitment.co.uk\/ro\/candidati\/","title":{"rendered":"CANDIDATI"},"content":{"rendered":"\t\t<div data-elementor-type=\"wp-page\" data-elementor-id=\"4891\" class=\"elementor elementor-4891 elementor-395\" data-elementor-post-type=\"page\">\n\t\t\t\t\t\t<section class=\"elementor-section elementor-top-section elementor-element elementor-element-e17b6e1 elementor-section-full_width elementor-section-height-min-height elementor-section-height-default elementor-section-items-middle\" data-id=\"e17b6e1\" data-element_type=\"section\" data-e-type=\"section\" data-settings=\"{&quot;background_background&quot;:&quot;classic&quot;}\">\n\t\t\t\t\t\t<div class=\"elementor-container elementor-column-gap-default\">\n\t\t\t\t\t<div class=\"elementor-column elementor-col-100 elementor-top-column elementor-element elementor-element-79a6858\" data-id=\"79a6858\" data-element_type=\"column\" data-e-type=\"column\">\n\t\t\t<div class=\"elementor-widget-wrap\">\n\t\t\t\t\t\t\t<\/div>\n\t\t<\/div>\n\t\t\t\t\t<\/div>\n\t\t<\/section>\n\t\t\t\t<section class=\"elementor-section elementor-top-section elementor-element elementor-element-82e8801 elementor-section-full_width elementor-section-height-default elementor-section-height-default\" data-id=\"82e8801\" data-element_type=\"section\" data-e-type=\"section\" data-settings=\"{&quot;background_background&quot;:&quot;classic&quot;}\">\n\t\t\t\t\t\t<div class=\"elementor-container elementor-column-gap-default\">\n\t\t\t\t\t<div class=\"elementor-column elementor-col-100 elementor-top-column elementor-element elementor-element-46fc855\" data-id=\"46fc855\" data-element_type=\"column\" data-e-type=\"column\">\n\t\t\t<div class=\"elementor-widget-wrap elementor-element-populated\">\n\t\t\t\t\t\t<div class=\"elementor-element elementor-element-5053b32 elementor-widget elementor-widget-heading\" data-id=\"5053b32\" data-element_type=\"widget\" data-e-type=\"widget\" data-widget_type=\"heading.default\">\n\t\t\t\t<div class=\"elementor-widget-container\">\n\t\t\t\t\t<h2 class=\"elementor-heading-title elementor-size-default\">CANDIDATI<\/h2>\t\t\t\t<\/div>\n\t\t\t\t<\/div>\n\t\t\t\t\t<\/div>\n\t\t<\/div>\n\t\t\t\t\t<\/div>\n\t\t<\/section>\n\t\t\t\t<section class=\"elementor-section elementor-top-section elementor-element elementor-element-e4095f5 elementor-section-full_width elementor-section-height-default elementor-section-height-default\" data-id=\"e4095f5\" data-element_type=\"section\" data-e-type=\"section\">\n\t\t\t\t\t\t<div class=\"elementor-container elementor-column-gap-default\">\n\t\t\t\t\t<div class=\"elementor-column elementor-col-50 elementor-top-column elementor-element elementor-element-4bcba16\" data-id=\"4bcba16\" data-element_type=\"column\" data-e-type=\"column\">\n\t\t\t<div class=\"elementor-widget-wrap elementor-element-populated\">\n\t\t\t\t\t\t<div class=\"elementor-element elementor-element-e65f649 elementor-widget elementor-widget-text-editor\" data-id=\"e65f649\" data-element_type=\"widget\" data-e-type=\"widget\" data-widget_type=\"text-editor.default\">\n\t\t\t\t<div class=\"elementor-widget-container\">\n\t\t\t\t\t\t\t\t\t<p>Nu te vom face s\u0103 te sim\u021bi ca la \u201eThe Apprentice\u201d. Cu ajutorul nostru vei g\u0103si locul de munc\u0103 dorit. <\/p>\n\t\t\t\t\t\t\t\t<\/div>\n\t\t\t\t<\/div>\n\t\t\t\t\t<\/div>\n\t\t<\/div>\n\t\t\t\t<div class=\"elementor-column elementor-col-50 elementor-top-column elementor-element elementor-element-fbaf8bd\" data-id=\"fbaf8bd\" data-element_type=\"column\" data-e-type=\"column\">\n\t\t\t<div class=\"elementor-widget-wrap\">\n\t\t\t\t\t\t\t<\/div>\n\t\t<\/div>\n\t\t\t\t\t<\/div>\n\t\t<\/section>\n\t\t\t\t<section class=\"elementor-section elementor-top-section elementor-element elementor-element-d070fb0 elementor-section-full_width elementor-section-height-default elementor-section-height-default\" data-id=\"d070fb0\" data-element_type=\"section\" data-e-type=\"section\">\n\t\t\t\t\t\t<div class=\"elementor-container elementor-column-gap-default\">\n\t\t\t\t\t<div class=\"elementor-column elementor-col-50 elementor-top-column elementor-element elementor-element-9f0a3a6\" data-id=\"9f0a3a6\" data-element_type=\"column\" data-e-type=\"column\">\n\t\t\t<div class=\"elementor-widget-wrap elementor-element-populated\">\n\t\t\t\t\t\t<div class=\"elementor-element elementor-element-b9d741e elementor-widget elementor-widget-text-editor\" data-id=\"b9d741e\" data-element_type=\"widget\" data-e-type=\"widget\" data-widget_type=\"text-editor.default\">\n\t\t\t\t<div class=\"elementor-widget-container\">\n\t\t\t\t\t\t\t\t\t<p>Prima noastr\u0103 sarcin\u0103 este s\u0103 \u0219tim ce \u00ee\u021bi dore\u0219ti. \u00cen\u021beleg\u00e2nd care sunt obiectivele profesionale, motiva\u021biile \u0219i cerin\u021bele tale, te vom ajuta s\u0103 g\u0103se\u0219ti oportunit\u0103\u021bi excelente pe placul t\u0103u. S-ar putea chiar s\u0103 fie ceva la care nici m\u0103car nu te-ai g\u00e2ndit p\u00e2n\u0103 acum. <\/p>\n<p>Bine\u00een\u021beles, trebuie s\u0103 contribui \u0219i tu. Dar noi st\u0103m aproape de tine \u0219i te ajut\u0103m la fiecare pas. Vei primi \u00eendrumare, coaching \u0219i cineva care \u00ee\u021bi va r\u0103spunde la telefon \u00een orice moment. Astfel vei putea g\u0103si un loc de munc\u0103 excelent.   <\/p>\n\t\t\t\t\t\t\t\t<\/div>\n\t\t\t\t<\/div>\n\t\t\t\t\t<\/div>\n\t\t<\/div>\n\t\t\t\t<div class=\"elementor-column elementor-col-50 elementor-top-column elementor-element elementor-element-341c76a\" data-id=\"341c76a\" data-element_type=\"column\" data-e-type=\"column\">\n\t\t\t<div class=\"elementor-widget-wrap\">\n\t\t\t\t\t\t\t<\/div>\n\t\t<\/div>\n\t\t\t\t\t<\/div>\n\t\t<\/section>\n\t\t\t\t<section class=\"elementor-section elementor-top-section elementor-element elementor-element-2a7636c elementor-section-full_width elementor-section-height-default elementor-section-height-default\" data-id=\"2a7636c\" data-element_type=\"section\" data-e-type=\"section\">\n\t\t\t\t\t\t<div class=\"elementor-container elementor-column-gap-default\">\n\t\t\t\t\t<div class=\"elementor-column elementor-col-50 elementor-top-column elementor-element elementor-element-f945b01\" data-id=\"f945b01\" data-element_type=\"column\" data-e-type=\"column\">\n\t\t\t<div class=\"elementor-widget-wrap elementor-element-populated\">\n\t\t\t\t\t\t<div class=\"elementor-element elementor-element-324f4f0 elementor-widget elementor-widget-heading\" data-id=\"324f4f0\" data-element_type=\"widget\" data-e-type=\"widget\" data-widget_type=\"heading.default\">\n\t\t\t\t<div class=\"elementor-widget-container\">\n\t\t\t\t\t<h3 class=\"elementor-heading-title elementor-size-default\">LUCRUL \u00ceN PARTENERIAT<\/h3>\t\t\t\t<\/div>\n\t\t\t\t<\/div>\n\t\t\t\t<div class=\"elementor-element elementor-element-2fb3731 elementor-widget elementor-widget-text-editor\" data-id=\"2fb3731\" data-element_type=\"widget\" data-e-type=\"widget\" data-widget_type=\"text-editor.default\">\n\t\t\t\t<div class=\"elementor-widget-container\">\n\t\t\t\t\t\t\t\t\t<p>Suntem \u00eenc\u00e2nta\u021bi s\u0103 lucr\u0103m \u00een parteneriat cu clien\u021bi dintr-o gam\u0103 larg\u0103 de sectoare, oferind cele mai bune locuri de munc\u0103 pentru VOI, candida\u021bii no\u0219tri.<\/p>\n\t\t\t\t\t\t\t\t<\/div>\n\t\t\t\t<\/div>\n\t\t\t\t<section class=\"elementor-section elementor-inner-section elementor-element elementor-element-37ebb30 elementor-section-full_width elementor-section-height-default elementor-section-height-default\" data-id=\"37ebb30\" data-element_type=\"section\" data-e-type=\"section\">\n\t\t\t\t\t\t<div class=\"elementor-container elementor-column-gap-default\">\n\t\t\t\t\t<div class=\"elementor-column elementor-col-50 elementor-inner-column elementor-element elementor-element-a6c7221 oz-column-hover\" data-id=\"a6c7221\" data-element_type=\"column\" data-e-type=\"column\">\n\t\t\t<div class=\"elementor-widget-wrap elementor-element-populated\">\n\t\t\t\t\t\t<div class=\"elementor-element elementor-element-9ad4c43 elementor-widget elementor-widget-heading\" data-id=\"9ad4c43\" data-element_type=\"widget\" data-e-type=\"widget\" data-widget_type=\"heading.default\">\n\t\t\t\t<div class=\"elementor-widget-container\">\n\t\t\t\t\t<h2 class=\"elementor-heading-title elementor-size-default\">Divizia Permanent\u0103<\/h2>\t\t\t\t<\/div>\n\t\t\t\t<\/div>\n\t\t\t\t\t<\/div>\n\t\t<\/div>\n\t\t\t\t<div class=\"make-column-clickable-elementor elementor-column elementor-col-50 elementor-inner-column elementor-element elementor-element-1cf950b oz-column-hover\" style=\"cursor: pointer;\" data-column-clickable=\"https:\/\/winnerrecruitment.co.uk\/ro\/divizia-depozit\/\" data-column-clickable-blank=\"_self\" data-id=\"1cf950b\" data-element_type=\"column\" data-e-type=\"column\">\n\t\t\t<div class=\"elementor-widget-wrap elementor-element-populated\">\n\t\t\t\t\t\t<div class=\"elementor-element elementor-element-3181a9d elementor-widget elementor-widget-heading\" data-id=\"3181a9d\" data-element_type=\"widget\" data-e-type=\"widget\" data-widget_type=\"heading.default\">\n\t\t\t\t<div class=\"elementor-widget-container\">\n\t\t\t\t\t<h2 class=\"elementor-heading-title elementor-size-default\">Divizia Depozit<\/h2>\t\t\t\t<\/div>\n\t\t\t\t<\/div>\n\t\t\t\t\t<\/div>\n\t\t<\/div>\n\t\t\t\t\t<\/div>\n\t\t<\/section>\n\t\t\t\t<section class=\"elementor-section elementor-inner-section elementor-element elementor-element-1a62e0a elementor-section-full_width elementor-section-height-min-height elementor-section-height-default\" data-id=\"1a62e0a\" data-element_type=\"section\" data-e-type=\"section\">\n\t\t\t\t\t\t<div class=\"elementor-container elementor-column-gap-default\">\n\t\t\t\t\t<div class=\"make-column-clickable-elementor elementor-column elementor-col-50 elementor-inner-column elementor-element elementor-element-63ce68c oz-column-hover\" style=\"cursor: pointer;\" data-column-clickable=\"https:\/\/winnerrecruitment.co.uk\/ro\/divizia-conducere\/\" data-column-clickable-blank=\"_self\" data-id=\"63ce68c\" data-element_type=\"column\" data-e-type=\"column\">\n\t\t\t<div class=\"elementor-widget-wrap elementor-element-populated\">\n\t\t\t\t\t\t<div class=\"elementor-element elementor-element-94b70dd elementor-widget elementor-widget-heading\" data-id=\"94b70dd\" data-element_type=\"widget\" data-e-type=\"widget\" data-widget_type=\"heading.default\">\n\t\t\t\t<div class=\"elementor-widget-container\">\n\t\t\t\t\t<h2 class=\"elementor-heading-title elementor-size-default\">Divizia Conducere<\/h2>\t\t\t\t<\/div>\n\t\t\t\t<\/div>\n\t\t\t\t\t<\/div>\n\t\t<\/div>\n\t\t\t\t<div class=\"make-column-clickable-elementor elementor-column elementor-col-50 elementor-inner-column elementor-element elementor-element-3d6169b oz-column-hover\" style=\"cursor: pointer;\" data-column-clickable=\"https:\/\/winnerrecruitment.co.uk\/ro\/educatie\/\" data-column-clickable-blank=\"_self\" data-id=\"3d6169b\" data-element_type=\"column\" data-e-type=\"column\">\n\t\t\t<div class=\"elementor-widget-wrap elementor-element-populated\">\n\t\t\t\t\t\t<div class=\"elementor-element elementor-element-77960a7 elementor-widget elementor-widget-heading\" data-id=\"77960a7\" data-element_type=\"widget\" data-e-type=\"widget\" data-widget_type=\"heading.default\">\n\t\t\t\t<div class=\"elementor-widget-container\">\n\t\t\t\t\t<h2 class=\"elementor-heading-title elementor-size-default\">Divizia Educa\u021bie<\/h2>\t\t\t\t<\/div>\n\t\t\t\t<\/div>\n\t\t\t\t\t<\/div>\n\t\t<\/div>\n\t\t\t\t\t<\/div>\n\t\t<\/section>\n\t\t\t\t<section class=\"elementor-section elementor-inner-section elementor-element elementor-element-e97a54e elementor-section-full_width elementor-section-height-min-height elementor-section-height-default\" data-id=\"e97a54e\" data-element_type=\"section\" data-e-type=\"section\">\n\t\t\t\t\t\t<div class=\"elementor-container elementor-column-gap-default\">\n\t\t\t\t\t<div class=\"make-column-clickable-elementor elementor-column elementor-col-50 elementor-inner-column elementor-element elementor-element-d9c9b84 oz-column-hover\" style=\"cursor: pointer;\" data-column-clickable=\"https:\/\/winnerrecruitment.co.uk\/ro\/comercial\/\" data-column-clickable-blank=\"_self\" data-id=\"d9c9b84\" data-element_type=\"column\" data-e-type=\"column\">\n\t\t\t<div class=\"elementor-widget-wrap elementor-element-populated\">\n\t\t\t\t\t\t<div class=\"elementor-element elementor-element-1956b85 elementor-widget elementor-widget-heading\" data-id=\"1956b85\" data-element_type=\"widget\" data-e-type=\"widget\" data-widget_type=\"heading.default\">\n\t\t\t\t<div class=\"elementor-widget-container\">\n\t\t\t\t\t<h2 class=\"elementor-heading-title elementor-size-default\">Divizia Comercial\u0103<\/h2>\t\t\t\t<\/div>\n\t\t\t\t<\/div>\n\t\t\t\t\t<\/div>\n\t\t<\/div>\n\t\t\t\t<div class=\"elementor-column elementor-col-50 elementor-inner-column elementor-element elementor-element-d3e7642 oz-column-hover\" data-id=\"d3e7642\" data-element_type=\"column\" data-e-type=\"column\">\n\t\t\t<div class=\"elementor-widget-wrap\">\n\t\t\t\t\t\t\t<\/div>\n\t\t<\/div>\n\t\t\t\t\t<\/div>\n\t\t<\/section>\n\t\t\t\t\t<\/div>\n\t\t<\/div>\n\t\t\t\t<div class=\"elementor-column elementor-col-50 elementor-top-column elementor-element elementor-element-f4aa626\" data-id=\"f4aa626\" data-element_type=\"column\" data-e-type=\"column\">\n\t\t\t<div class=\"elementor-widget-wrap\">\n\t\t\t\t\t\t\t<\/div>\n\t\t<\/div>\n\t\t\t\t\t<\/div>\n\t\t<\/section>\n\t\t\t\t<section class=\"elementor-section elementor-top-section elementor-element elementor-element-39cea9e elementor-section-full_width elementor-section-height-default elementor-section-height-default\" data-id=\"39cea9e\" data-element_type=\"section\" data-e-type=\"section\">\n\t\t\t\t\t\t<div class=\"elementor-container elementor-column-gap-default\">\n\t\t\t\t\t<div class=\"elementor-column elementor-col-100 elementor-top-column elementor-element elementor-element-262251c\" data-id=\"262251c\" data-element_type=\"column\" data-e-type=\"column\">\n\t\t\t<div class=\"elementor-widget-wrap elementor-element-populated\">\n\t\t\t\t\t\t<div class=\"elementor-element elementor-element-65d402f elementor-widget elementor-widget-heading\" data-id=\"65d402f\" data-element_type=\"widget\" data-e-type=\"widget\" data-widget_type=\"heading.default\">\n\t\t\t\t<div class=\"elementor-widget-container\">\n\t\t\t\t\t<h2 class=\"elementor-heading-title elementor-size-default\">\u201cNOI G\u0102SIM LOCURI DE MUNC\u0102 PENTRU OAMENI \u0218I OAMENI PENTRU LOCURI DE MUNC\u0102\u201d\n\n<\/h2>\t\t\t\t<\/div>\n\t\t\t\t<\/div>\n\t\t\t\t<section class=\"elementor-section elementor-inner-section elementor-element elementor-element-204ac4c elementor-section-full_width elementor-section-height-default elementor-section-height-default\" data-id=\"204ac4c\" data-element_type=\"section\" data-e-type=\"section\">\n\t\t\t\t\t\t<div class=\"elementor-container elementor-column-gap-default\">\n\t\t\t\t\t<div class=\"elementor-column elementor-col-25 elementor-inner-column elementor-element elementor-element-64d0024 oz-register\" data-id=\"64d0024\" data-element_type=\"column\" data-e-type=\"column\">\n\t\t\t<div class=\"elementor-widget-wrap elementor-element-populated\">\n\t\t\t\t\t\t<div class=\"elementor-element elementor-element-6d9c805 oz-remove-margin oz-before-border-left elementor-widget elementor-widget-heading\" data-id=\"6d9c805\" data-element_type=\"widget\" data-e-type=\"widget\" data-widget_type=\"heading.default\">\n\t\t\t\t<div class=\"elementor-widget-container\">\n\t\t\t\t\t<h2 class=\"elementor-heading-title elementor-size-default\"><a href=\"https:\/\/winnerrecruitment.co.uk\/job-application-register\/\">\u00ceNREGISTREAZ\u0102-TE \u00ceN WINNER<\/a><\/h2>\t\t\t\t<\/div>\n\t\t\t\t<\/div>\n\t\t\t\t\t<\/div>\n\t\t<\/div>\n\t\t\t\t<div class=\"elementor-column elementor-col-25 elementor-inner-column elementor-element elementor-element-13882b9\" data-id=\"13882b9\" data-element_type=\"column\" data-e-type=\"column\">\n\t\t\t<div class=\"elementor-widget-wrap\">\n\t\t\t\t\t\t\t<\/div>\n\t\t<\/div>\n\t\t\t\t<div class=\"elementor-column elementor-col-25 elementor-inner-column elementor-element elementor-element-01b4375\" data-id=\"01b4375\" data-element_type=\"column\" data-e-type=\"column\">\n\t\t\t<div class=\"elementor-widget-wrap\">\n\t\t\t\t\t\t\t<\/div>\n\t\t<\/div>\n\t\t\t\t<div class=\"elementor-column elementor-col-25 elementor-inner-column elementor-element elementor-element-060a022\" data-id=\"060a022\" data-element_type=\"column\" data-e-type=\"column\">\n\t\t\t<div class=\"elementor-widget-wrap\">\n\t\t\t\t\t\t\t<\/div>\n\t\t<\/div>\n\t\t\t\t\t<\/div>\n\t\t<\/section>\n\t\t\t\t\t<\/div>\n\t\t<\/div>\n\t\t\t\t\t<\/div>\n\t\t<\/section>\n\t\t\t\t<section class=\"elementor-section elementor-top-section elementor-element elementor-element-9c19827 elementor-section-boxed elementor-section-height-default elementor-section-height-default\" data-id=\"9c19827\" data-element_type=\"section\" data-e-type=\"section\">\n\t\t\t\t\t\t<div class=\"elementor-container elementor-column-gap-default\">\n\t\t\t\t\t<div class=\"elementor-column elementor-col-100 elementor-top-column elementor-element elementor-element-a959487\" data-id=\"a959487\" data-element_type=\"column\" data-e-type=\"column\">\n\t\t\t<div class=\"elementor-widget-wrap\">\n\t\t\t\t\t\t\t<\/div>\n\t\t<\/div>\n\t\t\t\t\t<\/div>\n\t\t<\/section>\n\t\t\t\t<\/div>\n\t\t","protected":false},"excerpt":{"rendered":"<p>CANDIDATI Nu te vom face s\u0103 te simti ca la \u201eThe Apprentice\u201d. Cu ajutorul nostru vei g\u0103si locul de munc\u0103 dorit. Prima noastr\u0103 sarcin\u0103 este s\u0103 \u0219tim ce \u00eeti dore\u0219ti. \u00centeleg\u00e2nd care sunt obiectivele profesionale, motivatiile \u0219i cerintele tale, te vom ajuta s\u0103 g\u0103se\u0219ti oportunit\u0103ti excelente pe placul t\u0103u. S-ar putea chiar s\u0103 fie ceva [&hellip;]<\/p>\n","protected":false},"author":6,"featured_media":0,"parent":0,"menu_order":0,"comment_status":"closed","ping_status":"closed","template":"elementor_header_footer","meta":{"footnotes":""},"class_list":["post-4891","page","type-page","status-publish","hentry"],"yoast_head":"<!-- This site is optimized with the Yoast SEO plugin v26.4 - https:\/\/yoast.com\/wordpress\/plugins\/seo\/ -->\n<title>CANDIDATI - WINNER RECRUITMENT<\/title>\n<meta name=\"description\" content=\"We find jobs for people and people for jobs.All kinds of people, all kinds of jobs. But always the right one. We\u2019d love to know more about what you\u2019re looking for.\" \/>\n<meta name=\"robots\" content=\"index, follow, max-snippet:-1, max-image-preview:large, max-video-preview:-1\" \/>\n<link rel=\"canonical\" href=\"https:\/\/winnerrecruitment.co.uk\/ro\/candidati\/\" \/>\n<meta property=\"og:locale\" content=\"ro_RO\" \/>\n<meta property=\"og:type\" content=\"article\" \/>\n<meta property=\"og:title\" content=\"CANDIDATI - WINNER RECRUITMENT\" \/>\n<meta property=\"og:description\" content=\"We find jobs for people and people for jobs.All kinds of people, all kinds of jobs. But always the right one. We\u2019d love to know more about what you\u2019re looking for.\" \/>\n<meta property=\"og:url\" content=\"https:\/\/winnerrecruitment.co.uk\/ro\/candidati\/\" \/>\n<meta property=\"og:site_name\" content=\"WINNER RECRUITMENT\" \/>\n<meta property=\"article:modified_time\" content=\"2022-11-28T11:53:36+00:00\" \/>\n<meta name=\"twitter:card\" content=\"summary_large_image\" \/>\n<meta name=\"twitter:label1\" content=\"Timp estimat pentru citire\" \/>\n\t<meta name=\"twitter:data1\" content=\"1 minut\" \/>\n<script type=\"application\/ld+json\" class=\"yoast-schema-graph\">{\"@context\":\"https:\/\/schema.org\",\"@graph\":[{\"@type\":\"WebPage\",\"@id\":\"https:\/\/winnerrecruitment.co.uk\/ro\/candidati\/\",\"url\":\"https:\/\/winnerrecruitment.co.uk\/ro\/candidati\/\",\"name\":\"CANDIDATI - WINNER RECRUITMENT\",\"isPartOf\":{\"@id\":\"https:\/\/winnerrecruitment.co.uk\/#website\"},\"datePublished\":\"2022-07-08T05:34:22+00:00\",\"dateModified\":\"2022-11-28T11:53:36+00:00\",\"description\":\"We find jobs for people and people for jobs.All kinds of people, all kinds of jobs. But always the right one. We\u2019d love to know more about what you\u2019re looking for.\",\"breadcrumb\":{\"@id\":\"https:\/\/winnerrecruitment.co.uk\/ro\/candidati\/#breadcrumb\"},\"inLanguage\":\"ro-RO\",\"potentialAction\":[{\"@type\":\"ReadAction\",\"target\":[\"https:\/\/winnerrecruitment.co.uk\/ro\/candidati\/\"]}]},{\"@type\":\"BreadcrumbList\",\"@id\":\"https:\/\/winnerrecruitment.co.uk\/ro\/candidati\/#breadcrumb\",\"itemListElement\":[{\"@type\":\"ListItem\",\"position\":1,\"name\":\"Home\",\"item\":\"https:\/\/winnerrecruitment.co.uk\/ro\/\"},{\"@type\":\"ListItem\",\"position\":2,\"name\":\"CANDIDATI\"}]},{\"@type\":\"WebSite\",\"@id\":\"https:\/\/winnerrecruitment.co.uk\/#website\",\"url\":\"https:\/\/winnerrecruitment.co.uk\/\",\"name\":\"WINNER RECRUITMENT\",\"description\":\"\",\"potentialAction\":[{\"@type\":\"SearchAction\",\"target\":{\"@type\":\"EntryPoint\",\"urlTemplate\":\"https:\/\/winnerrecruitment.co.uk\/?s={search_term_string}\"},\"query-input\":{\"@type\":\"PropertyValueSpecification\",\"valueRequired\":true,\"valueName\":\"search_term_string\"}}],\"inLanguage\":\"ro-RO\"}]}<\/script>\n<!-- \/ Yoast SEO plugin. -->","yoast_head_json":{"title":"CANDIDATI - WINNER RECRUITMENT","description":"We find jobs for people and people for jobs.All kinds of people, all kinds of jobs. But always the right one. We\u2019d love to know more about what you\u2019re looking for.","robots":{"index":"index","follow":"follow","max-snippet":"max-snippet:-1","max-image-preview":"max-image-preview:large","max-video-preview":"max-video-preview:-1"},"canonical":"https:\/\/winnerrecruitment.co.uk\/ro\/candidati\/","og_locale":"ro_RO","og_type":"article","og_title":"CANDIDATI - WINNER RECRUITMENT","og_description":"We find jobs for people and people for jobs.All kinds of people, all kinds of jobs. But always the right one. We\u2019d love to know more about what you\u2019re looking for.","og_url":"https:\/\/winnerrecruitment.co.uk\/ro\/candidati\/","og_site_name":"WINNER RECRUITMENT","article_modified_time":"2022-11-28T11:53:36+00:00","twitter_card":"summary_large_image","twitter_misc":{"Timp estimat pentru citire":"1 minut"},"schema":{"@context":"https:\/\/schema.org","@graph":[{"@type":"WebPage","@id":"https:\/\/winnerrecruitment.co.uk\/ro\/candidati\/","url":"https:\/\/winnerrecruitment.co.uk\/ro\/candidati\/","name":"CANDIDATI - WINNER RECRUITMENT","isPartOf":{"@id":"https:\/\/winnerrecruitment.co.uk\/#website"},"datePublished":"2022-07-08T05:34:22+00:00","dateModified":"2022-11-28T11:53:36+00:00","description":"We find jobs for people and people for jobs.All kinds of people, all kinds of jobs. But always the right one. We\u2019d love to know more about what you\u2019re looking for.","breadcrumb":{"@id":"https:\/\/winnerrecruitment.co.uk\/ro\/candidati\/#breadcrumb"},"inLanguage":"ro-RO","potentialAction":[{"@type":"ReadAction","target":["https:\/\/winnerrecruitment.co.uk\/ro\/candidati\/"]}]},{"@type":"BreadcrumbList","@id":"https:\/\/winnerrecruitment.co.uk\/ro\/candidati\/#breadcrumb","itemListElement":[{"@type":"ListItem","position":1,"name":"Home","item":"https:\/\/winnerrecruitment.co.uk\/ro\/"},{"@type":"ListItem","position":2,"name":"CANDIDATI"}]},{"@type":"WebSite","@id":"https:\/\/winnerrecruitment.co.uk\/#website","url":"https:\/\/winnerrecruitment.co.uk\/","name":"WINNER RECRUITMENT","description":"","potentialAction":[{"@type":"SearchAction","target":{"@type":"EntryPoint","urlTemplate":"https:\/\/winnerrecruitment.co.uk\/?s={search_term_string}"},"query-input":{"@type":"PropertyValueSpecification","valueRequired":true,"valueName":"search_term_string"}}],"inLanguage":"ro-RO"}]}},"_links":{"self":[{"href":"https:\/\/winnerrecruitment.co.uk\/ro\/wp-json\/wp\/v2\/pages\/4891","targetHints":{"allow":["GET"]}}],"collection":[{"href":"https:\/\/winnerrecruitment.co.uk\/ro\/wp-json\/wp\/v2\/pages"}],"about":[{"href":"https:\/\/winnerrecruitment.co.uk\/ro\/wp-json\/wp\/v2\/types\/page"}],"author":[{"embeddable":true,"href":"https:\/\/winnerrecruitment.co.uk\/ro\/wp-json\/wp\/v2\/users\/6"}],"replies":[{"embeddable":true,"href":"https:\/\/winnerrecruitment.co.uk\/ro\/wp-json\/wp\/v2\/comments?post=4891"}],"version-history":[{"count":10,"href":"https:\/\/winnerrecruitment.co.uk\/ro\/wp-json\/wp\/v2\/pages\/4891\/revisions"}],"predecessor-version":[{"id":6595,"href":"https:\/\/winnerrecruitment.co.uk\/ro\/wp-json\/wp\/v2\/pages\/4891\/revisions\/6595"}],"wp:attachment":[{"href":"https:\/\/winnerrecruitment.co.uk\/ro\/wp-json\/wp\/v2\/media?parent=4891"}],"curies":[{"name":"wp","href":"https:\/\/api.w.org\/{rel}","templated":true}]}}