{"id":4856,"date":"2022-07-25T12:24:28","date_gmt":"2022-07-25T12:24:28","guid":{"rendered":"https:\/\/winnerrecruitment.co.uk\/premiile-noastre\/"},"modified":"2022-12-01T10:58:34","modified_gmt":"2022-12-01T10:58:34","slug":"premiile-noastre","status":"publish","type":"page","link":"https:\/\/winnerrecruitment.co.uk\/ro\/premiile-noastre\/","title":{"rendered":"PREMIILE NOASTRE"},"content":{"rendered":"\t\t<div data-elementor-type=\"wp-page\" data-elementor-id=\"4856\" class=\"elementor elementor-4856 elementor-820\" data-elementor-post-type=\"page\">\n\t\t\t\t\t\t<section class=\"elementor-section elementor-top-section elementor-element elementor-element-41de980 elementor-section-full_width elementor-section-height-default elementor-section-height-default\" data-id=\"41de980\" data-element_type=\"section\" data-e-type=\"section\" data-settings=\"{&quot;background_background&quot;:&quot;classic&quot;}\">\n\t\t\t\t\t\t<div class=\"elementor-container elementor-column-gap-default\">\n\t\t\t\t\t<div class=\"elementor-column elementor-col-100 elementor-top-column elementor-element elementor-element-1d3ddac\" data-id=\"1d3ddac\" data-element_type=\"column\" data-e-type=\"column\">\n\t\t\t<div class=\"elementor-widget-wrap elementor-element-populated\">\n\t\t\t\t\t\t<div class=\"elementor-element elementor-element-a90dc7e elementor-widget elementor-widget-heading\" data-id=\"a90dc7e\" data-element_type=\"widget\" data-e-type=\"widget\" data-widget_type=\"heading.default\">\n\t\t\t\t<div class=\"elementor-widget-container\">\n\t\t\t\t\t<h2 class=\"elementor-heading-title elementor-size-default\">Premiile noastre<\/h2>\t\t\t\t<\/div>\n\t\t\t\t<\/div>\n\t\t\t\t\t<\/div>\n\t\t<\/div>\n\t\t\t\t\t<\/div>\n\t\t<\/section>\n\t\t\t\t<section class=\"elementor-section elementor-top-section elementor-element elementor-element-3efd994 elementor-section-full_width elementor-section-content-middle elementor-section-height-default elementor-section-height-default\" data-id=\"3efd994\" data-element_type=\"section\" data-e-type=\"section\">\n\t\t\t\t\t\t<div class=\"elementor-container elementor-column-gap-default\">\n\t\t\t\t\t<div class=\"elementor-column elementor-col-66 elementor-top-column elementor-element elementor-element-24d4605\" data-id=\"24d4605\" data-element_type=\"column\" data-e-type=\"column\">\n\t\t\t<div class=\"elementor-widget-wrap elementor-element-populated\">\n\t\t\t\t\t\t<div class=\"elementor-element elementor-element-f0c155d elementor-widget elementor-widget-heading\" data-id=\"f0c155d\" data-element_type=\"widget\" data-e-type=\"widget\" data-widget_type=\"heading.default\">\n\t\t\t\t<div class=\"elementor-widget-container\">\n\t\t\t\t\t<h2 class=\"elementor-heading-title elementor-size-default\">PREMII C\u00c2\u0218TIGATE<\/h2>\t\t\t\t<\/div>\n\t\t\t\t<\/div>\n\t\t\t\t<div class=\"elementor-element elementor-element-e9e7b07 elementor-widget elementor-widget-heading\" data-id=\"e9e7b07\" data-element_type=\"widget\" data-e-type=\"widget\" data-widget_type=\"heading.default\">\n\t\t\t\t<div class=\"elementor-widget-container\">\n\t\t\t\t\t<h2 class=\"elementor-heading-title elementor-size-default\">NE M\u00c2NDRIM CU FAPTULC\u0102SUNTEM WINNER<\/h2>\t\t\t\t<\/div>\n\t\t\t\t<\/div>\n\t\t\t\t<div class=\"elementor-element elementor-element-748690d elementor-widget elementor-widget-text-editor\" data-id=\"748690d\" data-element_type=\"widget\" data-e-type=\"widget\" data-widget_type=\"text-editor.default\">\n\t\t\t\t<div class=\"elementor-widget-container\">\n\t\t\t\t\t\t\t\t\t<p>1000 companies to inspire Britain \/ Recruiter Fast 50 \/ RHA Member \/The British Institute of Recruiters<\/p>\n\t\t\t\t\t\t\t\t<\/div>\n\t\t\t\t<\/div>\n\t\t\t\t<div class=\"elementor-element elementor-element-c039c46 elementor-widget elementor-widget-image\" data-id=\"c039c46\" data-element_type=\"widget\" data-e-type=\"widget\" data-widget_type=\"image.default\">\n\t\t\t\t<div class=\"elementor-widget-container\">\n\t\t\t\t\t\t\t\t\t\t\t\t\t\t\t<img fetchpriority=\"high\" decoding=\"async\" width=\"659\" height=\"136\" src=\"https:\/\/winnerrecruitment.co.uk\/wp-content\/uploads\/2022\/07\/logos.png\" class=\"attachment-large size-large wp-image-828\" alt=\"\" srcset=\"https:\/\/winnerrecruitment.co.uk\/wp-content\/uploads\/2022\/07\/logos.png 659w, https:\/\/winnerrecruitment.co.uk\/wp-content\/uploads\/2022\/07\/logos-300x62.png 300w\" sizes=\"(max-width: 659px) 100vw, 659px\" \/>\t\t\t\t\t\t\t\t\t\t\t\t\t\t\t<\/div>\n\t\t\t\t<\/div>\n\t\t\t\t<div class=\"elementor-element elementor-element-40c32a4 elementor-widget elementor-widget-heading\" data-id=\"40c32a4\" data-element_type=\"widget\" data-e-type=\"widget\" data-widget_type=\"heading.default\">\n\t\t\t\t<div class=\"elementor-widget-container\">\n\t\t\t\t\t<h2 class=\"elementor-heading-title elementor-size-default\">C\u00c2\u0218TIG\u0102TOR 4 ANI LA R\u00c2ND <\/h2>\t\t\t\t<\/div>\n\t\t\t\t<\/div>\n\t\t\t\t<div class=\"elementor-element elementor-element-930f13a elementor-widget elementor-widget-text-editor\" data-id=\"930f13a\" data-element_type=\"widget\" data-e-type=\"widget\" data-widget_type=\"text-editor.default\">\n\t\t\t\t<div class=\"elementor-widget-container\">\n\t\t\t\t\t\t\t\t\tSuntem m\u00e2ndri c\u0103 am fost numi\u021bi una dintre cele 1000 de companii care inspir\u0103 Marea Britanie \u00een 2017, 2018, 2019, 2020 (edi\u021bia din 2021 a fost anulat\u0103). Acest raport de referin\u021b\u0103 al Bursei de Valori din Londra identific\u0103 1.000 de IMM-uri remarcabile din Regatul Unit &#8211; iar noi suntem una dintre ele!\t\t\t\t\t\t\t\t<\/div>\n\t\t\t\t<\/div>\n\t\t\t\t\t<\/div>\n\t\t<\/div>\n\t\t\t\t<div class=\"elementor-column elementor-col-33 elementor-top-column elementor-element elementor-element-396ba94\" data-id=\"396ba94\" data-element_type=\"column\" data-e-type=\"column\">\n\t\t\t<div class=\"elementor-widget-wrap\">\n\t\t\t\t\t\t\t<\/div>\n\t\t<\/div>\n\t\t\t\t\t<\/div>\n\t\t<\/section>\n\t\t\t\t<section class=\"elementor-section elementor-top-section elementor-element elementor-element-77b6f09 elementor-section-full_width elementor-section-height-default elementor-section-height-default\" data-id=\"77b6f09\" data-element_type=\"section\" data-e-type=\"section\">\n\t\t\t\t\t\t<div class=\"elementor-container elementor-column-gap-default\">\n\t\t\t\t\t<div class=\"elementor-column elementor-col-100 elementor-top-column elementor-element elementor-element-63ec4b4\" data-id=\"63ec4b4\" data-element_type=\"column\" data-e-type=\"column\">\n\t\t\t<div class=\"elementor-widget-wrap elementor-element-populated\">\n\t\t\t\t\t\t<div class=\"elementor-element elementor-element-2dac367 elementor-widget elementor-widget-heading\" data-id=\"2dac367\" data-element_type=\"widget\" data-e-type=\"widget\" data-widget_type=\"heading.default\">\n\t\t\t\t<div class=\"elementor-widget-container\">\n\t\t\t\t\t<h2 class=\"elementor-heading-title elementor-size-default\">\u201cNOI G\u0102SIM LOCURI DE MUNC\u0102 PENTRU OAMENI \u0218I OAMENI PENTRU LOCURI DE MUNC\u0102\u201d\n\n<\/h2>\t\t\t\t<\/div>\n\t\t\t\t<\/div>\n\t\t\t\t<section class=\"elementor-section elementor-inner-section elementor-element elementor-element-bcf9a7e elementor-section-full_width elementor-section-height-default elementor-section-height-default\" data-id=\"bcf9a7e\" data-element_type=\"section\" data-e-type=\"section\">\n\t\t\t\t\t\t<div class=\"elementor-container elementor-column-gap-default\">\n\t\t\t\t\t<div class=\"elementor-column elementor-col-25 elementor-inner-column elementor-element elementor-element-3cd0535 oz-register\" data-id=\"3cd0535\" data-element_type=\"column\" data-e-type=\"column\">\n\t\t\t<div class=\"elementor-widget-wrap elementor-element-populated\">\n\t\t\t\t\t\t<div class=\"elementor-element elementor-element-8de1601 oz-remove-margin oz-before-border-left elementor-widget elementor-widget-heading\" data-id=\"8de1601\" data-element_type=\"widget\" data-e-type=\"widget\" data-widget_type=\"heading.default\">\n\t\t\t\t<div class=\"elementor-widget-container\">\n\t\t\t\t\t<h2 class=\"elementor-heading-title elementor-size-default\"><a href=\"https:\/\/winnerrecruitment.co.uk\/job-application-register\/\">\u00ceNREGISTREAZ\u0102-TE \u00ceN WINNER<\/a><\/h2>\t\t\t\t<\/div>\n\t\t\t\t<\/div>\n\t\t\t\t\t<\/div>\n\t\t<\/div>\n\t\t\t\t<div class=\"elementor-column elementor-col-25 elementor-inner-column elementor-element elementor-element-5ce0e7d\" data-id=\"5ce0e7d\" data-element_type=\"column\" data-e-type=\"column\">\n\t\t\t<div class=\"elementor-widget-wrap\">\n\t\t\t\t\t\t\t<\/div>\n\t\t<\/div>\n\t\t\t\t<div class=\"elementor-column elementor-col-25 elementor-inner-column elementor-element elementor-element-b798bec\" data-id=\"b798bec\" data-element_type=\"column\" data-e-type=\"column\">\n\t\t\t<div class=\"elementor-widget-wrap\">\n\t\t\t\t\t\t\t<\/div>\n\t\t<\/div>\n\t\t\t\t<div class=\"elementor-column elementor-col-25 elementor-inner-column elementor-element elementor-element-753cc73\" data-id=\"753cc73\" data-element_type=\"column\" data-e-type=\"column\">\n\t\t\t<div class=\"elementor-widget-wrap\">\n\t\t\t\t\t\t\t<\/div>\n\t\t<\/div>\n\t\t\t\t\t<\/div>\n\t\t<\/section>\n\t\t\t\t\t<\/div>\n\t\t<\/div>\n\t\t\t\t\t<\/div>\n\t\t<\/section>\n\t\t\t\t<section class=\"elementor-section elementor-top-section elementor-element elementor-element-d584a9d elementor-section-boxed elementor-section-height-default elementor-section-height-default\" data-id=\"d584a9d\" data-element_type=\"section\" data-e-type=\"section\">\n\t\t\t\t\t\t<div class=\"elementor-container elementor-column-gap-default\">\n\t\t\t\t\t<div class=\"elementor-column elementor-col-100 elementor-top-column elementor-element elementor-element-8805f0c\" data-id=\"8805f0c\" data-element_type=\"column\" data-e-type=\"column\">\n\t\t\t<div class=\"elementor-widget-wrap\">\n\t\t\t\t\t\t\t<\/div>\n\t\t<\/div>\n\t\t\t\t\t<\/div>\n\t\t<\/section>\n\t\t\t\t<\/div>\n\t\t","protected":false},"excerpt":{"rendered":"<p>Premiile noastre PREMII C\u00c2\u0218TIGATE NE M\u00c2NDRIM CU FAPTULC\u0102SUNTEM WINNER 1000 companies to inspire Britain \/ Recruiter Fast 50 \/ RHA Member \/The British Institute of Recruiters C\u00c2\u0218TIG\u0102TOR 4 ANI LA R\u00c2ND Suntem m\u00e2ndri c\u0103 am fost numi\u021bi una dintre cele 1000 de companii care inspir\u0103 Marea Britanie \u00een 2017, 2018, 2019, 2020 (edi\u021bia din 2021 [&hellip;]<\/p>\n","protected":false},"author":6,"featured_media":0,"parent":0,"menu_order":0,"comment_status":"closed","ping_status":"closed","template":"elementor_header_footer","meta":{"footnotes":""},"class_list":["post-4856","page","type-page","status-publish","hentry"],"yoast_head":"<!-- This site is optimized with the Yoast SEO plugin v26.4 - https:\/\/yoast.com\/wordpress\/plugins\/seo\/ -->\n<title>PREMIILE NOASTRE - WINNER RECRUITMENT<\/title>\n<meta name=\"description\" content=\"We find jobs for people and people for jobs.All kinds of people, all kinds of jobs. But always the right one. We\u2019d love to know more about what you\u2019re looking for.\" \/>\n<meta name=\"robots\" content=\"index, follow, max-snippet:-1, max-image-preview:large, max-video-preview:-1\" \/>\n<link rel=\"canonical\" href=\"https:\/\/winnerrecruitment.co.uk\/ro\/premiile-noastre\/\" \/>\n<meta property=\"og:locale\" content=\"ro_RO\" \/>\n<meta property=\"og:type\" content=\"article\" \/>\n<meta property=\"og:title\" content=\"PREMIILE NOASTRE - WINNER RECRUITMENT\" \/>\n<meta property=\"og:description\" content=\"We find jobs for people and people for jobs.All kinds of people, all kinds of jobs. But always the right one. We\u2019d love to know more about what you\u2019re looking for.\" \/>\n<meta property=\"og:url\" content=\"https:\/\/winnerrecruitment.co.uk\/ro\/premiile-noastre\/\" \/>\n<meta property=\"og:site_name\" content=\"WINNER RECRUITMENT\" \/>\n<meta property=\"article:modified_time\" content=\"2022-12-01T10:58:34+00:00\" \/>\n<meta property=\"og:image\" content=\"https:\/\/winnerrecruitment.co.uk\/wp-content\/uploads\/2022\/07\/logos.png\" \/>\n<meta name=\"twitter:card\" content=\"summary_large_image\" \/>\n<meta name=\"twitter:label1\" content=\"Timp estimat pentru citire\" \/>\n\t<meta name=\"twitter:data1\" content=\"1 minut\" \/>\n<script type=\"application\/ld+json\" class=\"yoast-schema-graph\">{\"@context\":\"https:\/\/schema.org\",\"@graph\":[{\"@type\":\"WebPage\",\"@id\":\"https:\/\/winnerrecruitment.co.uk\/ro\/premiile-noastre\/\",\"url\":\"https:\/\/winnerrecruitment.co.uk\/ro\/premiile-noastre\/\",\"name\":\"PREMIILE NOASTRE - WINNER RECRUITMENT\",\"isPartOf\":{\"@id\":\"https:\/\/winnerrecruitment.co.uk\/#website\"},\"primaryImageOfPage\":{\"@id\":\"https:\/\/winnerrecruitment.co.uk\/ro\/premiile-noastre\/#primaryimage\"},\"image\":{\"@id\":\"https:\/\/winnerrecruitment.co.uk\/ro\/premiile-noastre\/#primaryimage\"},\"thumbnailUrl\":\"https:\/\/winnerrecruitment.co.uk\/wp-content\/uploads\/2022\/07\/logos.png\",\"datePublished\":\"2022-07-25T12:24:28+00:00\",\"dateModified\":\"2022-12-01T10:58:34+00:00\",\"description\":\"We find jobs for people and people for jobs.All kinds of people, all kinds of jobs. But always the right one. We\u2019d love to know more about what you\u2019re looking for.\",\"breadcrumb\":{\"@id\":\"https:\/\/winnerrecruitment.co.uk\/ro\/premiile-noastre\/#breadcrumb\"},\"inLanguage\":\"ro-RO\",\"potentialAction\":[{\"@type\":\"ReadAction\",\"target\":[\"https:\/\/winnerrecruitment.co.uk\/ro\/premiile-noastre\/\"]}]},{\"@type\":\"ImageObject\",\"inLanguage\":\"ro-RO\",\"@id\":\"https:\/\/winnerrecruitment.co.uk\/ro\/premiile-noastre\/#primaryimage\",\"url\":\"https:\/\/winnerrecruitment.co.uk\/wp-content\/uploads\/2022\/07\/logos.png\",\"contentUrl\":\"https:\/\/winnerrecruitment.co.uk\/wp-content\/uploads\/2022\/07\/logos.png\"},{\"@type\":\"BreadcrumbList\",\"@id\":\"https:\/\/winnerrecruitment.co.uk\/ro\/premiile-noastre\/#breadcrumb\",\"itemListElement\":[{\"@type\":\"ListItem\",\"position\":1,\"name\":\"Home\",\"item\":\"https:\/\/winnerrecruitment.co.uk\/ro\/\"},{\"@type\":\"ListItem\",\"position\":2,\"name\":\"PREMIILE NOASTRE\"}]},{\"@type\":\"WebSite\",\"@id\":\"https:\/\/winnerrecruitment.co.uk\/#website\",\"url\":\"https:\/\/winnerrecruitment.co.uk\/\",\"name\":\"WINNER RECRUITMENT\",\"description\":\"\",\"potentialAction\":[{\"@type\":\"SearchAction\",\"target\":{\"@type\":\"EntryPoint\",\"urlTemplate\":\"https:\/\/winnerrecruitment.co.uk\/?s={search_term_string}\"},\"query-input\":{\"@type\":\"PropertyValueSpecification\",\"valueRequired\":true,\"valueName\":\"search_term_string\"}}],\"inLanguage\":\"ro-RO\"}]}<\/script>\n<!-- \/ Yoast SEO plugin. -->","yoast_head_json":{"title":"PREMIILE NOASTRE - WINNER RECRUITMENT","description":"We find jobs for people and people for jobs.All kinds of people, all kinds of jobs. But always the right one. We\u2019d love to know more about what you\u2019re looking for.","robots":{"index":"index","follow":"follow","max-snippet":"max-snippet:-1","max-image-preview":"max-image-preview:large","max-video-preview":"max-video-preview:-1"},"canonical":"https:\/\/winnerrecruitment.co.uk\/ro\/premiile-noastre\/","og_locale":"ro_RO","og_type":"article","og_title":"PREMIILE NOASTRE - WINNER RECRUITMENT","og_description":"We find jobs for people and people for jobs.All kinds of people, all kinds of jobs. But always the right one. We\u2019d love to know more about what you\u2019re looking for.","og_url":"https:\/\/winnerrecruitment.co.uk\/ro\/premiile-noastre\/","og_site_name":"WINNER RECRUITMENT","article_modified_time":"2022-12-01T10:58:34+00:00","og_image":[{"url":"https:\/\/winnerrecruitment.co.uk\/wp-content\/uploads\/2022\/07\/logos.png","type":"","width":"","height":""}],"twitter_card":"summary_large_image","twitter_misc":{"Timp estimat pentru citire":"1 minut"},"schema":{"@context":"https:\/\/schema.org","@graph":[{"@type":"WebPage","@id":"https:\/\/winnerrecruitment.co.uk\/ro\/premiile-noastre\/","url":"https:\/\/winnerrecruitment.co.uk\/ro\/premiile-noastre\/","name":"PREMIILE NOASTRE - WINNER RECRUITMENT","isPartOf":{"@id":"https:\/\/winnerrecruitment.co.uk\/#website"},"primaryImageOfPage":{"@id":"https:\/\/winnerrecruitment.co.uk\/ro\/premiile-noastre\/#primaryimage"},"image":{"@id":"https:\/\/winnerrecruitment.co.uk\/ro\/premiile-noastre\/#primaryimage"},"thumbnailUrl":"https:\/\/winnerrecruitment.co.uk\/wp-content\/uploads\/2022\/07\/logos.png","datePublished":"2022-07-25T12:24:28+00:00","dateModified":"2022-12-01T10:58:34+00:00","description":"We find jobs for people and people for jobs.All kinds of people, all kinds of jobs. But always the right one. We\u2019d love to know more about what you\u2019re looking for.","breadcrumb":{"@id":"https:\/\/winnerrecruitment.co.uk\/ro\/premiile-noastre\/#breadcrumb"},"inLanguage":"ro-RO","potentialAction":[{"@type":"ReadAction","target":["https:\/\/winnerrecruitment.co.uk\/ro\/premiile-noastre\/"]}]},{"@type":"ImageObject","inLanguage":"ro-RO","@id":"https:\/\/winnerrecruitment.co.uk\/ro\/premiile-noastre\/#primaryimage","url":"https:\/\/winnerrecruitment.co.uk\/wp-content\/uploads\/2022\/07\/logos.png","contentUrl":"https:\/\/winnerrecruitment.co.uk\/wp-content\/uploads\/2022\/07\/logos.png"},{"@type":"BreadcrumbList","@id":"https:\/\/winnerrecruitment.co.uk\/ro\/premiile-noastre\/#breadcrumb","itemListElement":[{"@type":"ListItem","position":1,"name":"Home","item":"https:\/\/winnerrecruitment.co.uk\/ro\/"},{"@type":"ListItem","position":2,"name":"PREMIILE NOASTRE"}]},{"@type":"WebSite","@id":"https:\/\/winnerrecruitment.co.uk\/#website","url":"https:\/\/winnerrecruitment.co.uk\/","name":"WINNER RECRUITMENT","description":"","potentialAction":[{"@type":"SearchAction","target":{"@type":"EntryPoint","urlTemplate":"https:\/\/winnerrecruitment.co.uk\/?s={search_term_string}"},"query-input":{"@type":"PropertyValueSpecification","valueRequired":true,"valueName":"search_term_string"}}],"inLanguage":"ro-RO"}]}},"_links":{"self":[{"href":"https:\/\/winnerrecruitment.co.uk\/ro\/wp-json\/wp\/v2\/pages\/4856","targetHints":{"allow":["GET"]}}],"collection":[{"href":"https:\/\/winnerrecruitment.co.uk\/ro\/wp-json\/wp\/v2\/pages"}],"about":[{"href":"https:\/\/winnerrecruitment.co.uk\/ro\/wp-json\/wp\/v2\/types\/page"}],"author":[{"embeddable":true,"href":"https:\/\/winnerrecruitment.co.uk\/ro\/wp-json\/wp\/v2\/users\/6"}],"replies":[{"embeddable":true,"href":"https:\/\/winnerrecruitment.co.uk\/ro\/wp-json\/wp\/v2\/comments?post=4856"}],"version-history":[{"count":10,"href":"https:\/\/winnerrecruitment.co.uk\/ro\/wp-json\/wp\/v2\/pages\/4856\/revisions"}],"predecessor-version":[{"id":6865,"href":"https:\/\/winnerrecruitment.co.uk\/ro\/wp-json\/wp\/v2\/pages\/4856\/revisions\/6865"}],"wp:attachment":[{"href":"https:\/\/winnerrecruitment.co.uk\/ro\/wp-json\/wp\/v2\/media?parent=4856"}],"curies":[{"name":"wp","href":"https:\/\/api.w.org\/{rel}","templated":true}]}}