{"id":4851,"date":"2022-07-25T09:58:41","date_gmt":"2022-07-25T09:58:41","guid":{"rendered":"https:\/\/winnerrecruitment.co.uk\/viziunea-si-valorile-noastre\/"},"modified":"2022-11-29T09:50:57","modified_gmt":"2022-11-29T09:50:57","slug":"viziunea-si-valorile-noastre","status":"publish","type":"page","link":"https:\/\/winnerrecruitment.co.uk\/ro\/viziunea-si-valorile-noastre\/","title":{"rendered":"VIZIUNEA SI VALORILE NOASTRE"},"content":{"rendered":"\t\t<div data-elementor-type=\"wp-page\" data-elementor-id=\"4851\" class=\"elementor elementor-4851 elementor-803\" data-elementor-post-type=\"page\">\n\t\t\t\t\t\t<section class=\"elementor-section elementor-top-section elementor-element elementor-element-ca14cbe elementor-section-full_width elementor-section-height-min-height elementor-section-height-default elementor-section-items-middle\" data-id=\"ca14cbe\" data-element_type=\"section\" data-e-type=\"section\" data-settings=\"{&quot;background_background&quot;:&quot;classic&quot;}\">\n\t\t\t\t\t\t<div class=\"elementor-container elementor-column-gap-default\">\n\t\t\t\t\t<div class=\"elementor-column elementor-col-100 elementor-top-column elementor-element elementor-element-f4c7f22\" data-id=\"f4c7f22\" data-element_type=\"column\" data-e-type=\"column\">\n\t\t\t<div class=\"elementor-widget-wrap\">\n\t\t\t\t\t\t\t<\/div>\n\t\t<\/div>\n\t\t\t\t\t<\/div>\n\t\t<\/section>\n\t\t\t\t<section class=\"elementor-section elementor-top-section elementor-element elementor-element-3919818 elementor-section-full_width elementor-section-height-default elementor-section-height-default\" data-id=\"3919818\" data-element_type=\"section\" data-e-type=\"section\" data-settings=\"{&quot;background_background&quot;:&quot;classic&quot;}\">\n\t\t\t\t\t\t<div class=\"elementor-container elementor-column-gap-default\">\n\t\t\t\t\t<div class=\"elementor-column elementor-col-100 elementor-top-column elementor-element elementor-element-f510bd8\" data-id=\"f510bd8\" data-element_type=\"column\" data-e-type=\"column\">\n\t\t\t<div class=\"elementor-widget-wrap elementor-element-populated\">\n\t\t\t\t\t\t<div class=\"elementor-element elementor-element-e1d92a5 elementor-widget elementor-widget-heading\" data-id=\"e1d92a5\" data-element_type=\"widget\" data-e-type=\"widget\" data-widget_type=\"heading.default\">\n\t\t\t\t<div class=\"elementor-widget-container\">\n\t\t\t\t\t<h2 class=\"elementor-heading-title elementor-size-default\">Viziunea \u0219i valorile noastre<\/h2>\t\t\t\t<\/div>\n\t\t\t\t<\/div>\n\t\t\t\t\t<\/div>\n\t\t<\/div>\n\t\t\t\t\t<\/div>\n\t\t<\/section>\n\t\t\t\t<section class=\"elementor-section elementor-top-section elementor-element elementor-element-760e357 elementor-section-full_width elementor-section-content-middle elementor-section-height-default elementor-section-height-default\" data-id=\"760e357\" data-element_type=\"section\" data-e-type=\"section\">\n\t\t\t\t\t\t<div class=\"elementor-container elementor-column-gap-default\">\n\t\t\t\t\t<div class=\"elementor-column elementor-col-66 elementor-top-column elementor-element elementor-element-c080fda\" data-id=\"c080fda\" data-element_type=\"column\" data-e-type=\"column\">\n\t\t\t<div class=\"elementor-widget-wrap elementor-element-populated\">\n\t\t\t\t\t\t<div class=\"elementor-element elementor-element-a6e53f0 elementor-widget elementor-widget-heading\" data-id=\"a6e53f0\" data-element_type=\"widget\" data-e-type=\"widget\" data-widget_type=\"heading.default\">\n\t\t\t\t<div class=\"elementor-widget-container\">\n\t\t\t\t\t<h2 class=\"elementor-heading-title elementor-size-default\">OAMENII PE PRIMUL LOC<\/h2>\t\t\t\t<\/div>\n\t\t\t\t<\/div>\n\t\t\t\t<div class=\"elementor-element elementor-element-49adc96 elementor-widget elementor-widget-text-editor\" data-id=\"49adc96\" data-element_type=\"widget\" data-e-type=\"widget\" data-widget_type=\"text-editor.default\">\n\t\t\t\t<div class=\"elementor-widget-container\">\n\t\t\t\t\t\t\t\t\t<p>Viziunea \u0219i valorile noastre sunt simple. Punem oamenii pe primul loc. Dac\u0103 ai grij\u0103 de oameni, vor face acela\u0219i lucru pentru tine, fie c\u0103 este vorba despre clien\u021bi sau candida\u021bi. De aceea, v\u0103 putem prezenta celor care au crescut odat\u0103 cu compania noastr\u0103 \u0219i clien\u021bilor care au fost \u00een trecut angaja\u021bii no\u0219tri. Nu este suficient s\u0103 spui c\u0103 ai grij\u0103 de oameni. Trebuie s\u0103 le-o \u0219i ar\u0103\u021bi.      <\/p>\n\t\t\t\t\t\t\t\t<\/div>\n\t\t\t\t<\/div>\n\t\t\t\t\t<\/div>\n\t\t<\/div>\n\t\t\t\t<div class=\"elementor-column elementor-col-33 elementor-top-column elementor-element elementor-element-fca7b77\" data-id=\"fca7b77\" data-element_type=\"column\" data-e-type=\"column\">\n\t\t\t<div class=\"elementor-widget-wrap\">\n\t\t\t\t\t\t\t<\/div>\n\t\t<\/div>\n\t\t\t\t\t<\/div>\n\t\t<\/section>\n\t\t\t\t<section class=\"elementor-section elementor-top-section elementor-element elementor-element-682c6b5 elementor-section-full_width elementor-section-content-middle elementor-section-height-default elementor-section-height-default\" data-id=\"682c6b5\" data-element_type=\"section\" data-e-type=\"section\">\n\t\t\t\t\t\t<div class=\"elementor-container elementor-column-gap-default\">\n\t\t\t\t\t<div class=\"elementor-column elementor-col-66 elementor-top-column elementor-element elementor-element-4c359ef\" data-id=\"4c359ef\" data-element_type=\"column\" data-e-type=\"column\">\n\t\t\t<div class=\"elementor-widget-wrap elementor-element-populated\">\n\t\t\t\t\t\t<div class=\"elementor-element elementor-element-630c168 elementor-widget elementor-widget-heading\" data-id=\"630c168\" data-element_type=\"widget\" data-e-type=\"widget\" data-widget_type=\"heading.default\">\n\t\t\t\t<div class=\"elementor-widget-container\">\n\t\t\t\t\t<h2 class=\"elementor-heading-title elementor-size-default\">LU\u0102M VALORILE SOCIALE \u00ceN SERIOS<\/h2>\t\t\t\t<\/div>\n\t\t\t\t<\/div>\n\t\t\t\t<div class=\"elementor-element elementor-element-3f6e862 elementor-widget elementor-widget-text-editor\" data-id=\"3f6e862\" data-element_type=\"widget\" data-e-type=\"widget\" data-widget_type=\"text-editor.default\">\n\t\t\t\t<div class=\"elementor-widget-container\">\n\t\t\t\t\t\t\t\t\t<p>Facem eforturi constante pentru a dezvolta practicile noastre CSR pun\u00e2nd accentul pe sprijinirea angaja\u021bilor, clien\u021bilor \u0219i comunit\u0103\u021bii noastre. Lucrul cel mai important pentru noi este s\u0103 avem grij\u0103 de oameni. Ne desf\u0103\u0219ur\u0103m activitatea cu onestitate \u0219i \u00eentr-o manier\u0103 care aduce beneficii tuturor celor cu care interac\u021bion\u0103m, sprijinindu-i pe to\u021bi angaja\u021bii no\u0219tri, ajut\u00e2ndu-i pe cei afla\u021bi \u00een nevoie \u0219i asum\u00e2ndu-ne diverse angajamente fa\u021b\u0103 de organiza\u021bii caritabile alese \u00een cadrul comunit\u0103\u021bii.  <\/i><\/p>\n\t\t\t\t\t\t\t\t<\/div>\n\t\t\t\t<\/div>\n\t\t\t\t\t<\/div>\n\t\t<\/div>\n\t\t\t\t<div class=\"elementor-column elementor-col-33 elementor-top-column elementor-element elementor-element-037e22b\" data-id=\"037e22b\" data-element_type=\"column\" data-e-type=\"column\">\n\t\t\t<div class=\"elementor-widget-wrap\">\n\t\t\t\t\t\t\t<\/div>\n\t\t<\/div>\n\t\t\t\t\t<\/div>\n\t\t<\/section>\n\t\t\t\t<section class=\"elementor-section elementor-top-section elementor-element elementor-element-c788f6c elementor-section-full_width elementor-section-height-default elementor-section-height-default\" data-id=\"c788f6c\" data-element_type=\"section\" data-e-type=\"section\">\n\t\t\t\t\t\t<div class=\"elementor-container elementor-column-gap-default\">\n\t\t\t\t\t<div class=\"elementor-column elementor-col-100 elementor-top-column elementor-element elementor-element-9ac992d\" data-id=\"9ac992d\" data-element_type=\"column\" data-e-type=\"column\">\n\t\t\t<div class=\"elementor-widget-wrap elementor-element-populated\">\n\t\t\t\t\t\t<div class=\"elementor-element elementor-element-aa15f5e elementor-widget elementor-widget-heading\" data-id=\"aa15f5e\" data-element_type=\"widget\" data-e-type=\"widget\" data-widget_type=\"heading.default\">\n\t\t\t\t<div class=\"elementor-widget-container\">\n\t\t\t\t\t<h2 class=\"elementor-heading-title elementor-size-default\">\u201cNOI G\u0102SIM LOCURI DE MUNC\u0102 PENTRU OAMENI \u0218I OAMENI PENTRU LOCURI DE MUNC\u0102\u201d\n\n<\/h2>\t\t\t\t<\/div>\n\t\t\t\t<\/div>\n\t\t\t\t<section class=\"elementor-section elementor-inner-section elementor-element elementor-element-48b1dcf elementor-section-full_width elementor-section-height-default elementor-section-height-default\" data-id=\"48b1dcf\" data-element_type=\"section\" data-e-type=\"section\">\n\t\t\t\t\t\t<div class=\"elementor-container elementor-column-gap-default\">\n\t\t\t\t\t<div class=\"elementor-column elementor-col-25 elementor-inner-column elementor-element elementor-element-b72b68a oz-register\" data-id=\"b72b68a\" data-element_type=\"column\" data-e-type=\"column\">\n\t\t\t<div class=\"elementor-widget-wrap elementor-element-populated\">\n\t\t\t\t\t\t<div class=\"elementor-element elementor-element-7be71b0 oz-remove-margin oz-before-border-left elementor-widget elementor-widget-heading\" data-id=\"7be71b0\" data-element_type=\"widget\" data-e-type=\"widget\" data-widget_type=\"heading.default\">\n\t\t\t\t<div class=\"elementor-widget-container\">\n\t\t\t\t\t<h2 class=\"elementor-heading-title elementor-size-default\"><a href=\"https:\/\/winnerrecruitment.co.uk\/job-application-register\/\">\u00ceNREGISTREAZ\u0102-TE \u00ceN WINNER<\/a><\/h2>\t\t\t\t<\/div>\n\t\t\t\t<\/div>\n\t\t\t\t\t<\/div>\n\t\t<\/div>\n\t\t\t\t<div class=\"elementor-column elementor-col-25 elementor-inner-column elementor-element elementor-element-d06b603\" data-id=\"d06b603\" data-element_type=\"column\" data-e-type=\"column\">\n\t\t\t<div class=\"elementor-widget-wrap\">\n\t\t\t\t\t\t\t<\/div>\n\t\t<\/div>\n\t\t\t\t<div class=\"elementor-column elementor-col-25 elementor-inner-column elementor-element elementor-element-163e177\" data-id=\"163e177\" data-element_type=\"column\" data-e-type=\"column\">\n\t\t\t<div class=\"elementor-widget-wrap\">\n\t\t\t\t\t\t\t<\/div>\n\t\t<\/div>\n\t\t\t\t<div class=\"elementor-column elementor-col-25 elementor-inner-column elementor-element elementor-element-0fd3c19\" data-id=\"0fd3c19\" data-element_type=\"column\" data-e-type=\"column\">\n\t\t\t<div class=\"elementor-widget-wrap\">\n\t\t\t\t\t\t\t<\/div>\n\t\t<\/div>\n\t\t\t\t\t<\/div>\n\t\t<\/section>\n\t\t\t\t\t<\/div>\n\t\t<\/div>\n\t\t\t\t\t<\/div>\n\t\t<\/section>\n\t\t\t\t<section class=\"elementor-section elementor-top-section elementor-element elementor-element-985bd6f elementor-section-boxed elementor-section-height-default elementor-section-height-default\" data-id=\"985bd6f\" data-element_type=\"section\" data-e-type=\"section\">\n\t\t\t\t\t\t<div class=\"elementor-container elementor-column-gap-default\">\n\t\t\t\t\t<div class=\"elementor-column elementor-col-100 elementor-top-column elementor-element elementor-element-f0135dc\" data-id=\"f0135dc\" data-element_type=\"column\" data-e-type=\"column\">\n\t\t\t<div class=\"elementor-widget-wrap\">\n\t\t\t\t\t\t\t<\/div>\n\t\t<\/div>\n\t\t\t\t\t<\/div>\n\t\t<\/section>\n\t\t\t\t<\/div>\n\t\t","protected":false},"excerpt":{"rendered":"<p>Viziunea \u0219i valorile noastre OAMENII PE PRIMUL LOC Viziunea \u0219i valorile noastre sunt simple. Punem oamenii pe primul loc. Dac\u0103 ai grij\u0103 de oameni, vor face acela\u0219i lucru pentru tine, fie c\u0103 este vorba despre clienti sau candidati. De aceea, v\u0103 putem prezenta celor care au crescut odat\u0103 cu compania noastr\u0103 \u0219i clientilor care au [&hellip;]<\/p>\n","protected":false},"author":6,"featured_media":0,"parent":0,"menu_order":0,"comment_status":"closed","ping_status":"closed","template":"elementor_header_footer","meta":{"footnotes":""},"class_list":["post-4851","page","type-page","status-publish","hentry"],"yoast_head":"<!-- This site is optimized with the Yoast SEO plugin v26.4 - https:\/\/yoast.com\/wordpress\/plugins\/seo\/ -->\n<title>VIZIUNEA SI VALORILE NOASTRE - WINNER RECRUITMENT<\/title>\n<meta name=\"description\" content=\"We find jobs for people and people for jobs.All kinds of people, all kinds of jobs. But always the right one. We\u2019d love to know more about what you\u2019re looking for.\" \/>\n<meta name=\"robots\" content=\"index, follow, max-snippet:-1, max-image-preview:large, max-video-preview:-1\" \/>\n<link rel=\"canonical\" href=\"https:\/\/winnerrecruitment.co.uk\/ro\/viziunea-si-valorile-noastre\/\" \/>\n<meta property=\"og:locale\" content=\"ro_RO\" \/>\n<meta property=\"og:type\" content=\"article\" \/>\n<meta property=\"og:title\" content=\"VIZIUNEA SI VALORILE NOASTRE - WINNER RECRUITMENT\" \/>\n<meta property=\"og:description\" content=\"We find jobs for people and people for jobs.All kinds of people, all kinds of jobs. But always the right one. We\u2019d love to know more about what you\u2019re looking for.\" \/>\n<meta property=\"og:url\" content=\"https:\/\/winnerrecruitment.co.uk\/ro\/viziunea-si-valorile-noastre\/\" \/>\n<meta property=\"og:site_name\" content=\"WINNER RECRUITMENT\" \/>\n<meta property=\"article:modified_time\" content=\"2022-11-29T09:50:57+00:00\" \/>\n<meta name=\"twitter:card\" content=\"summary_large_image\" \/>\n<meta name=\"twitter:label1\" content=\"Timp estimat pentru citire\" \/>\n\t<meta name=\"twitter:data1\" content=\"1 minut\" \/>\n<script type=\"application\/ld+json\" class=\"yoast-schema-graph\">{\"@context\":\"https:\/\/schema.org\",\"@graph\":[{\"@type\":\"WebPage\",\"@id\":\"https:\/\/winnerrecruitment.co.uk\/ro\/viziunea-si-valorile-noastre\/\",\"url\":\"https:\/\/winnerrecruitment.co.uk\/ro\/viziunea-si-valorile-noastre\/\",\"name\":\"VIZIUNEA SI VALORILE NOASTRE - WINNER RECRUITMENT\",\"isPartOf\":{\"@id\":\"https:\/\/winnerrecruitment.co.uk\/#website\"},\"datePublished\":\"2022-07-25T09:58:41+00:00\",\"dateModified\":\"2022-11-29T09:50:57+00:00\",\"description\":\"We find jobs for people and people for jobs.All kinds of people, all kinds of jobs. But always the right one. We\u2019d love to know more about what you\u2019re looking for.\",\"breadcrumb\":{\"@id\":\"https:\/\/winnerrecruitment.co.uk\/ro\/viziunea-si-valorile-noastre\/#breadcrumb\"},\"inLanguage\":\"ro-RO\",\"potentialAction\":[{\"@type\":\"ReadAction\",\"target\":[\"https:\/\/winnerrecruitment.co.uk\/ro\/viziunea-si-valorile-noastre\/\"]}]},{\"@type\":\"BreadcrumbList\",\"@id\":\"https:\/\/winnerrecruitment.co.uk\/ro\/viziunea-si-valorile-noastre\/#breadcrumb\",\"itemListElement\":[{\"@type\":\"ListItem\",\"position\":1,\"name\":\"Home\",\"item\":\"https:\/\/winnerrecruitment.co.uk\/ro\/\"},{\"@type\":\"ListItem\",\"position\":2,\"name\":\"VIZIUNEA SI VALORILE NOASTRE\"}]},{\"@type\":\"WebSite\",\"@id\":\"https:\/\/winnerrecruitment.co.uk\/#website\",\"url\":\"https:\/\/winnerrecruitment.co.uk\/\",\"name\":\"WINNER RECRUITMENT\",\"description\":\"\",\"potentialAction\":[{\"@type\":\"SearchAction\",\"target\":{\"@type\":\"EntryPoint\",\"urlTemplate\":\"https:\/\/winnerrecruitment.co.uk\/?s={search_term_string}\"},\"query-input\":{\"@type\":\"PropertyValueSpecification\",\"valueRequired\":true,\"valueName\":\"search_term_string\"}}],\"inLanguage\":\"ro-RO\"}]}<\/script>\n<!-- \/ Yoast SEO plugin. -->","yoast_head_json":{"title":"VIZIUNEA SI VALORILE NOASTRE - WINNER RECRUITMENT","description":"We find jobs for people and people for jobs.All kinds of people, all kinds of jobs. But always the right one. We\u2019d love to know more about what you\u2019re looking for.","robots":{"index":"index","follow":"follow","max-snippet":"max-snippet:-1","max-image-preview":"max-image-preview:large","max-video-preview":"max-video-preview:-1"},"canonical":"https:\/\/winnerrecruitment.co.uk\/ro\/viziunea-si-valorile-noastre\/","og_locale":"ro_RO","og_type":"article","og_title":"VIZIUNEA SI VALORILE NOASTRE - WINNER RECRUITMENT","og_description":"We find jobs for people and people for jobs.All kinds of people, all kinds of jobs. But always the right one. We\u2019d love to know more about what you\u2019re looking for.","og_url":"https:\/\/winnerrecruitment.co.uk\/ro\/viziunea-si-valorile-noastre\/","og_site_name":"WINNER RECRUITMENT","article_modified_time":"2022-11-29T09:50:57+00:00","twitter_card":"summary_large_image","twitter_misc":{"Timp estimat pentru citire":"1 minut"},"schema":{"@context":"https:\/\/schema.org","@graph":[{"@type":"WebPage","@id":"https:\/\/winnerrecruitment.co.uk\/ro\/viziunea-si-valorile-noastre\/","url":"https:\/\/winnerrecruitment.co.uk\/ro\/viziunea-si-valorile-noastre\/","name":"VIZIUNEA SI VALORILE NOASTRE - WINNER RECRUITMENT","isPartOf":{"@id":"https:\/\/winnerrecruitment.co.uk\/#website"},"datePublished":"2022-07-25T09:58:41+00:00","dateModified":"2022-11-29T09:50:57+00:00","description":"We find jobs for people and people for jobs.All kinds of people, all kinds of jobs. But always the right one. We\u2019d love to know more about what you\u2019re looking for.","breadcrumb":{"@id":"https:\/\/winnerrecruitment.co.uk\/ro\/viziunea-si-valorile-noastre\/#breadcrumb"},"inLanguage":"ro-RO","potentialAction":[{"@type":"ReadAction","target":["https:\/\/winnerrecruitment.co.uk\/ro\/viziunea-si-valorile-noastre\/"]}]},{"@type":"BreadcrumbList","@id":"https:\/\/winnerrecruitment.co.uk\/ro\/viziunea-si-valorile-noastre\/#breadcrumb","itemListElement":[{"@type":"ListItem","position":1,"name":"Home","item":"https:\/\/winnerrecruitment.co.uk\/ro\/"},{"@type":"ListItem","position":2,"name":"VIZIUNEA SI VALORILE NOASTRE"}]},{"@type":"WebSite","@id":"https:\/\/winnerrecruitment.co.uk\/#website","url":"https:\/\/winnerrecruitment.co.uk\/","name":"WINNER RECRUITMENT","description":"","potentialAction":[{"@type":"SearchAction","target":{"@type":"EntryPoint","urlTemplate":"https:\/\/winnerrecruitment.co.uk\/?s={search_term_string}"},"query-input":{"@type":"PropertyValueSpecification","valueRequired":true,"valueName":"search_term_string"}}],"inLanguage":"ro-RO"}]}},"_links":{"self":[{"href":"https:\/\/winnerrecruitment.co.uk\/ro\/wp-json\/wp\/v2\/pages\/4851","targetHints":{"allow":["GET"]}}],"collection":[{"href":"https:\/\/winnerrecruitment.co.uk\/ro\/wp-json\/wp\/v2\/pages"}],"about":[{"href":"https:\/\/winnerrecruitment.co.uk\/ro\/wp-json\/wp\/v2\/types\/page"}],"author":[{"embeddable":true,"href":"https:\/\/winnerrecruitment.co.uk\/ro\/wp-json\/wp\/v2\/users\/6"}],"replies":[{"embeddable":true,"href":"https:\/\/winnerrecruitment.co.uk\/ro\/wp-json\/wp\/v2\/comments?post=4851"}],"version-history":[{"count":7,"href":"https:\/\/winnerrecruitment.co.uk\/ro\/wp-json\/wp\/v2\/pages\/4851\/revisions"}],"predecessor-version":[{"id":6733,"href":"https:\/\/winnerrecruitment.co.uk\/ro\/wp-json\/wp\/v2\/pages\/4851\/revisions\/6733"}],"wp:attachment":[{"href":"https:\/\/winnerrecruitment.co.uk\/ro\/wp-json\/wp\/v2\/media?parent=4851"}],"curies":[{"name":"wp","href":"https:\/\/api.w.org\/{rel}","templated":true}]}}