{"id":5004,"date":"2022-07-25T12:37:29","date_gmt":"2022-07-25T12:37:29","guid":{"rendered":"https:\/\/winnerrecruitment.co.uk\/pracuj-z-nami\/"},"modified":"2022-11-25T12:55:41","modified_gmt":"2022-11-25T12:55:41","slug":"pracuj-z-nami","status":"publish","type":"page","link":"https:\/\/winnerrecruitment.co.uk\/pl\/pracuj-z-nami\/","title":{"rendered":"Pracuj z nami"},"content":{"rendered":"\t\t<div data-elementor-type=\"wp-page\" data-elementor-id=\"5004\" class=\"elementor elementor-5004 elementor-835\" data-elementor-post-type=\"page\">\n\t\t\t\t\t\t<section class=\"elementor-section elementor-top-section elementor-element elementor-element-e196d69 elementor-section-full_width elementor-section-height-min-height elementor-section-height-default elementor-section-items-middle\" data-id=\"e196d69\" data-element_type=\"section\" data-e-type=\"section\" data-settings=\"{&quot;background_background&quot;:&quot;classic&quot;}\">\n\t\t\t\t\t\t<div class=\"elementor-container elementor-column-gap-default\">\n\t\t\t\t\t<div class=\"elementor-column elementor-col-100 elementor-top-column elementor-element elementor-element-7010410\" data-id=\"7010410\" data-element_type=\"column\" data-e-type=\"column\">\n\t\t\t<div class=\"elementor-widget-wrap\">\n\t\t\t\t\t\t\t<\/div>\n\t\t<\/div>\n\t\t\t\t\t<\/div>\n\t\t<\/section>\n\t\t\t\t<section class=\"elementor-section elementor-top-section elementor-element elementor-element-6219e66 elementor-section-full_width elementor-section-height-default elementor-section-height-default\" data-id=\"6219e66\" data-element_type=\"section\" data-e-type=\"section\" data-settings=\"{&quot;background_background&quot;:&quot;classic&quot;}\">\n\t\t\t\t\t\t<div class=\"elementor-container elementor-column-gap-default\">\n\t\t\t\t\t<div class=\"elementor-column elementor-col-100 elementor-top-column elementor-element elementor-element-5d7cd43\" data-id=\"5d7cd43\" data-element_type=\"column\" data-e-type=\"column\">\n\t\t\t<div class=\"elementor-widget-wrap elementor-element-populated\">\n\t\t\t\t\t\t<div class=\"elementor-element elementor-element-7554149 elementor-widget elementor-widget-heading\" data-id=\"7554149\" data-element_type=\"widget\" data-e-type=\"widget\" data-widget_type=\"heading.default\">\n\t\t\t\t<div class=\"elementor-widget-container\">\n\t\t\t\t\t<h2 class=\"elementor-heading-title elementor-size-default\">Pracuj z nami<\/h2>\t\t\t\t<\/div>\n\t\t\t\t<\/div>\n\t\t\t\t\t<\/div>\n\t\t<\/div>\n\t\t\t\t\t<\/div>\n\t\t<\/section>\n\t\t\t\t<section class=\"elementor-section elementor-top-section elementor-element elementor-element-5c623cd elementor-section-full_width elementor-section-content-middle elementor-section-height-default elementor-section-height-default\" data-id=\"5c623cd\" data-element_type=\"section\" data-e-type=\"section\">\n\t\t\t\t\t\t<div class=\"elementor-container elementor-column-gap-default\">\n\t\t\t\t\t<div class=\"elementor-column elementor-col-66 elementor-top-column elementor-element elementor-element-a2a2287\" data-id=\"a2a2287\" data-element_type=\"column\" data-e-type=\"column\">\n\t\t\t<div class=\"elementor-widget-wrap elementor-element-populated\">\n\t\t\t\t\t\t<div class=\"elementor-element elementor-element-7c1baf0 elementor-widget elementor-widget-heading\" data-id=\"7c1baf0\" data-element_type=\"widget\" data-e-type=\"widget\" data-widget_type=\"heading.default\">\n\t\t\t\t<div class=\"elementor-widget-container\">\n\t\t\t\t\t<h2 class=\"elementor-heading-title elementor-size-default\">B\u0104D\u0179 ZWYCI\u0118ZC\u0104 (B\u0104D\u0179 CZ\u0118\u015aCI\u0104 WINNER)<\/h2>\t\t\t\t<\/div>\n\t\t\t\t<\/div>\n\t\t\t\t<div class=\"elementor-element elementor-element-43666ff elementor-widget elementor-widget-text-editor\" data-id=\"43666ff\" data-element_type=\"widget\" data-e-type=\"widget\" data-widget_type=\"text-editor.default\">\n\t\t\t\t<div class=\"elementor-widget-container\">\n\t\t\t\t\t\t\t\t\t<p>Je\u015bli jeste\u015b osob\u0105, kt\u00f3ra lubi sprawia\u0107, \u017ce klienci i kandydaci si\u0119 u\u015bmiechaj\u0105, mo\u017cesz z nami wsp\u00f3\u0142pracowa\u0107. Wierzymy, \u017ce praca powinna by\u0107 przyjemnym miejscem, dlatego dok\u0142adamy wszelkich stara\u0144, aby tak by\u0142o. Je\u015bli jeste\u015b zainteresowany do\u0142\u0105czeniem do zespo\u0142u, skontaktuj si\u0119 z nami.  <\/p>\n\t\t\t\t\t\t\t\t<\/div>\n\t\t\t\t<\/div>\n\t\t\t\t\t<\/div>\n\t\t<\/div>\n\t\t\t\t<div class=\"elementor-column elementor-col-33 elementor-top-column elementor-element elementor-element-d7f9131\" data-id=\"d7f9131\" data-element_type=\"column\" data-e-type=\"column\">\n\t\t\t<div class=\"elementor-widget-wrap\">\n\t\t\t\t\t\t\t<\/div>\n\t\t<\/div>\n\t\t\t\t\t<\/div>\n\t\t<\/section>\n\t\t\t\t<section class=\"elementor-section elementor-top-section elementor-element elementor-element-7bafc3a elementor-section-full_width elementor-section-height-default elementor-section-height-default\" data-id=\"7bafc3a\" data-element_type=\"section\" data-e-type=\"section\">\n\t\t\t\t\t\t<div class=\"elementor-container elementor-column-gap-default\">\n\t\t\t\t\t<div class=\"elementor-column elementor-col-100 elementor-top-column elementor-element elementor-element-69a87ef\" data-id=\"69a87ef\" data-element_type=\"column\" data-e-type=\"column\">\n\t\t\t<div class=\"elementor-widget-wrap elementor-element-populated\">\n\t\t\t\t\t\t<div class=\"elementor-element elementor-element-0e175c3 elementor-widget elementor-widget-heading\" data-id=\"0e175c3\" data-element_type=\"widget\" data-e-type=\"widget\" data-widget_type=\"heading.default\">\n\t\t\t\t<div class=\"elementor-widget-container\">\n\t\t\t\t\t<h2 class=\"elementor-heading-title elementor-size-default\">DANE KONTAKTOWE<\/h2>\t\t\t\t<\/div>\n\t\t\t\t<\/div>\n\t\t\t\t<section class=\"elementor-section elementor-inner-section elementor-element elementor-element-e8ba731 elementor-section-full_width elementor-section-height-default elementor-section-height-default\" data-id=\"e8ba731\" data-element_type=\"section\" data-e-type=\"section\">\n\t\t\t\t\t\t<div class=\"elementor-container elementor-column-gap-default\">\n\t\t\t\t\t<div class=\"elementor-column elementor-col-33 elementor-inner-column elementor-element elementor-element-9d5bcaf\" data-id=\"9d5bcaf\" data-element_type=\"column\" data-e-type=\"column\">\n\t\t\t<div class=\"elementor-widget-wrap elementor-element-populated\">\n\t\t\t\t\t\t<div class=\"elementor-element elementor-element-d3c8414 elementor-widget elementor-widget-heading\" data-id=\"d3c8414\" data-element_type=\"widget\" data-e-type=\"widget\" data-widget_type=\"heading.default\">\n\t\t\t\t<div class=\"elementor-widget-container\">\n\t\t\t\t\t<h4 class=\"elementor-heading-title elementor-size-default\">EMAIL<\/h4>\t\t\t\t<\/div>\n\t\t\t\t<\/div>\n\t\t\t\t<div class=\"elementor-element elementor-element-8df2418 elementor-icon-list--layout-traditional elementor-list-item-link-full_width elementor-widget elementor-widget-icon-list\" data-id=\"8df2418\" data-element_type=\"widget\" data-e-type=\"widget\" data-widget_type=\"icon-list.default\">\n\t\t\t\t<div class=\"elementor-widget-container\">\n\t\t\t\t\t\t\t<ul class=\"elementor-icon-list-items\">\n\t\t\t\t\t\t\t<li class=\"elementor-icon-list-item\">\n\t\t\t\t\t\t\t\t\t\t\t<a href=\"mailto:info@winnerrecruitment.co.uk\">\n\n\t\t\t\t\t\t\t\t\t\t\t\t<span class=\"elementor-icon-list-icon\">\n\t\t\t\t\t\t\t<i aria-hidden=\"true\" class=\"far fa-envelope\"><\/i>\t\t\t\t\t\t<\/span>\n\t\t\t\t\t\t\t\t\t\t<span class=\"elementor-icon-list-text\">info@winnerrecruitment.co.uk<\/span>\n\t\t\t\t\t\t\t\t\t\t\t<\/a>\n\t\t\t\t\t\t\t\t\t<\/li>\n\t\t\t\t\t\t<\/ul>\n\t\t\t\t\t\t<\/div>\n\t\t\t\t<\/div>\n\t\t\t\t\t<\/div>\n\t\t<\/div>\n\t\t\t\t<div class=\"elementor-column elementor-col-33 elementor-inner-column elementor-element elementor-element-ba7035c\" data-id=\"ba7035c\" data-element_type=\"column\" data-e-type=\"column\">\n\t\t\t<div class=\"elementor-widget-wrap elementor-element-populated\">\n\t\t\t\t\t\t<div class=\"elementor-element elementor-element-3a68761 elementor-widget elementor-widget-heading\" data-id=\"3a68761\" data-element_type=\"widget\" data-e-type=\"widget\" data-widget_type=\"heading.default\">\n\t\t\t\t<div class=\"elementor-widget-container\">\n\t\t\t\t\t<h4 class=\"elementor-heading-title elementor-size-default\">TELEFON<\/h4>\t\t\t\t<\/div>\n\t\t\t\t<\/div>\n\t\t\t\t<div class=\"elementor-element elementor-element-f1157ae elementor-icon-list--layout-traditional elementor-list-item-link-full_width elementor-widget elementor-widget-icon-list\" data-id=\"f1157ae\" data-element_type=\"widget\" data-e-type=\"widget\" data-widget_type=\"icon-list.default\">\n\t\t\t\t<div class=\"elementor-widget-container\">\n\t\t\t\t\t\t\t<ul class=\"elementor-icon-list-items\">\n\t\t\t\t\t\t\t<li class=\"elementor-icon-list-item\">\n\t\t\t\t\t\t\t\t\t\t\t<a href=\"tel:+44%20121%20353%201661\">\n\n\t\t\t\t\t\t\t\t\t\t\t\t<span class=\"elementor-icon-list-icon\">\n\t\t\t\t\t\t\t<i aria-hidden=\"true\" class=\"fas fa-phone-alt\"><\/i>\t\t\t\t\t\t<\/span>\n\t\t\t\t\t\t\t\t\t\t<span class=\"elementor-icon-list-text\">+44 121 353 1661<\/span>\n\t\t\t\t\t\t\t\t\t\t\t<\/a>\n\t\t\t\t\t\t\t\t\t<\/li>\n\t\t\t\t\t\t<\/ul>\n\t\t\t\t\t\t<\/div>\n\t\t\t\t<\/div>\n\t\t\t\t\t<\/div>\n\t\t<\/div>\n\t\t\t\t<div class=\"elementor-column elementor-col-33 elementor-inner-column elementor-element elementor-element-fbd3b86\" data-id=\"fbd3b86\" data-element_type=\"column\" data-e-type=\"column\">\n\t\t\t<div class=\"elementor-widget-wrap elementor-element-populated\">\n\t\t\t\t\t\t<div class=\"elementor-element elementor-element-ad60ef4 elementor-widget elementor-widget-heading\" data-id=\"ad60ef4\" data-element_type=\"widget\" data-e-type=\"widget\" data-widget_type=\"heading.default\">\n\t\t\t\t<div class=\"elementor-widget-container\">\n\t\t\t\t\t<h4 class=\"elementor-heading-title elementor-size-default\">ADRES<\/h4>\t\t\t\t<\/div>\n\t\t\t\t<\/div>\n\t\t\t\t<div class=\"elementor-element elementor-element-d73fcf0 elementor-icon-list--layout-traditional elementor-list-item-link-full_width elementor-widget elementor-widget-icon-list\" data-id=\"d73fcf0\" data-element_type=\"widget\" data-e-type=\"widget\" data-widget_type=\"icon-list.default\">\n\t\t\t\t<div class=\"elementor-widget-container\">\n\t\t\t\t\t\t\t<ul class=\"elementor-icon-list-items\">\n\t\t\t\t\t\t\t<li class=\"elementor-icon-list-item\">\n\t\t\t\t\t\t\t\t\t\t\t<span class=\"elementor-icon-list-icon\">\n\t\t\t\t\t\t\t<i aria-hidden=\"true\" class=\"fas fa-map-marker-alt\"><\/i>\t\t\t\t\t\t<\/span>\n\t\t\t\t\t\t\t\t\t\t<span class=\"elementor-icon-list-text\">Winner House, 6 Burnett Rd, Sutton Coldfield, B74 3EJ<\/span>\n\t\t\t\t\t\t\t\t\t<\/li>\n\t\t\t\t\t\t<\/ul>\n\t\t\t\t\t\t<\/div>\n\t\t\t\t<\/div>\n\t\t\t\t\t<\/div>\n\t\t<\/div>\n\t\t\t\t\t<\/div>\n\t\t<\/section>\n\t\t\t\t\t<\/div>\n\t\t<\/div>\n\t\t\t\t\t<\/div>\n\t\t<\/section>\n\t\t\t\t<section class=\"elementor-section elementor-top-section elementor-element elementor-element-b8b800e elementor-section-full_width elementor-section-height-default elementor-section-height-default\" data-id=\"b8b800e\" data-element_type=\"section\" data-e-type=\"section\">\n\t\t\t\t\t\t<div class=\"elementor-container elementor-column-gap-default\">\n\t\t\t\t\t<div class=\"elementor-column elementor-col-100 elementor-top-column elementor-element elementor-element-68e56d7\" data-id=\"68e56d7\" data-element_type=\"column\" data-e-type=\"column\">\n\t\t\t<div class=\"elementor-widget-wrap elementor-element-populated\">\n\t\t\t\t\t\t<div class=\"elementor-element elementor-element-49f6653 elementor-widget elementor-widget-heading\" data-id=\"49f6653\" data-element_type=\"widget\" data-e-type=\"widget\" data-widget_type=\"heading.default\">\n\t\t\t\t<div class=\"elementor-widget-container\">\n\t\t\t\t\t<h2 class=\"elementor-heading-title elementor-size-default\">ZOSTAW WIADOMO\u015a\u0106<\/h2>\t\t\t\t<\/div>\n\t\t\t\t<\/div>\n\t\t\t\t<div class=\"elementor-element elementor-element-4f511dd elementor-widget elementor-widget-shortcode\" data-id=\"4f511dd\" data-element_type=\"widget\" data-e-type=\"widget\" data-widget_type=\"shortcode.default\">\n\t\t\t\t<div class=\"elementor-widget-container\">\n\t\t\t\t\t\t\t<div class=\"elementor-shortcode\">\n<div class=\"wpcf7 no-js\" id=\"wpcf7-f5530-o1\" lang=\"pl-PL\" dir=\"ltr\" data-wpcf7-id=\"5530\">\n<div class=\"screen-reader-response\"><p role=\"status\" aria-live=\"polite\" aria-atomic=\"true\"><\/p> <ul><\/ul><\/div>\n<form action=\"\/pl\/wp-json\/wp\/v2\/pages\/5004#wpcf7-f5530-o1\" method=\"post\" class=\"wpcf7-form init\" aria-label=\"Formularz kontaktowy\" novalidate=\"novalidate\" data-status=\"init\">\n<fieldset class=\"hidden-fields-container\"><input type=\"hidden\" name=\"_wpcf7\" value=\"5530\" \/><input type=\"hidden\" name=\"_wpcf7_version\" value=\"6.1.4\" \/><input type=\"hidden\" name=\"_wpcf7_locale\" value=\"pl_PL\" \/><input type=\"hidden\" name=\"_wpcf7_unit_tag\" value=\"wpcf7-f5530-o1\" \/><input type=\"hidden\" name=\"_wpcf7_container_post\" value=\"0\" \/><input type=\"hidden\" name=\"_wpcf7_posted_data_hash\" value=\"\" \/><input type=\"hidden\" name=\"_wpcf7_recaptcha_response\" value=\"\" \/>\n<\/fieldset>\n<div class=\"oz-contact-form\">\n\t<div class=\"oz-left-fields\">\n\t\t<div class=\"oz-field\">\n\t\t\t<p><span class=\"wpcf7-form-control-wrap\" data-name=\"your-name\"><input size=\"40\" maxlength=\"400\" class=\"wpcf7-form-control wpcf7-text wpcf7-validates-as-required\" aria-required=\"true\" aria-invalid=\"false\" placeholder=\"Imi\u0119\" value=\"\" type=\"text\" name=\"your-name\" \/><\/span>\n\t\t\t<\/p>\n\t\t<\/div>\n\t<\/div>\n\t<div class=\"oz-right-fields\">\n\t\t<div class=\"oz-field\">\n\t\t\t<p><span class=\"wpcf7-form-control-wrap\" data-name=\"telephone-number\"><input size=\"40\" maxlength=\"400\" class=\"wpcf7-form-control wpcf7-tel wpcf7-validates-as-required wpcf7-text wpcf7-validates-as-tel\" aria-required=\"true\" aria-invalid=\"false\" placeholder=\"Nr telefonu\" value=\"\" type=\"tel\" name=\"telephone-number\" \/><\/span>\n\t\t\t<\/p>\n\t\t<\/div>\n\t<\/div>\n<\/div>\n<div class=\"oz-contact-form\">\n\t<div class=\"oz-left-fields\">\n\t\t<div class=\"oz-field\">\n\t\t\t<p><span class=\"wpcf7-form-control-wrap\" data-name=\"Subject\"><input size=\"40\" maxlength=\"400\" class=\"wpcf7-form-control wpcf7-text wpcf7-validates-as-required\" aria-required=\"true\" aria-invalid=\"false\" placeholder=\"Temat\" value=\"\" type=\"text\" name=\"Subject\" \/><\/span>\n\t\t\t<\/p>\n\t\t<\/div>\n\t<\/div>\n\t<div class=\"oz-right-fields\">\n\t\t<div class=\"oz-field\">\n\t\t\t<p><span class=\"wpcf7-form-control-wrap\" data-name=\"your-email\"><input size=\"40\" maxlength=\"400\" class=\"wpcf7-form-control wpcf7-email wpcf7-validates-as-required wpcf7-text wpcf7-validates-as-email\" aria-required=\"true\" aria-invalid=\"false\" placeholder=\"Email\" value=\"\" type=\"email\" name=\"your-email\" \/><\/span>\n\t\t\t<\/p>\n\t\t<\/div>\n\t<\/div>\n<\/div>\n<div class=\"oz-contact-form\">\n\t<div class=\"oz-left-fields oz-left-flex\">\n\t\t<div class=\"oz-field\">\n\t\t\t<p><span class=\"wpcf7-form-control-wrap\" data-name=\"your-message\"><textarea cols=\"40\" rows=\"10\" maxlength=\"2000\" class=\"wpcf7-form-control wpcf7-textarea wpcf7-validates-as-required\" aria-required=\"true\" aria-invalid=\"false\" placeholder=\"Wiadomo\u015b\u0107\u2026\" name=\"your-message\"><\/textarea><\/span>\n\t\t\t<\/p>\n\t\t<\/div>\n\t<\/div>\n\t<div class=\"oz-left-fields oz-left-flex\">\n\t<\/div>\n<\/div>\n<div class=\"oz-contact-form-submit\">\n\t<p><input class=\"wpcf7-form-control wpcf7-submit has-spinner\" type=\"submit\" value=\"ZATWIERD\u0179\" \/>\n\t<\/p>\n<\/div><div class=\"wpcf7-response-output\" aria-hidden=\"true\"><\/div>\n<\/form>\n<\/div>\n<\/div>\n\t\t\t\t\t\t<\/div>\n\t\t\t\t<\/div>\n\t\t\t\t\t<\/div>\n\t\t<\/div>\n\t\t\t\t\t<\/div>\n\t\t<\/section>\n\t\t\t\t<section class=\"elementor-section elementor-top-section elementor-element elementor-element-644daac elementor-section-boxed elementor-section-height-default elementor-section-height-default\" data-id=\"644daac\" data-element_type=\"section\" data-e-type=\"section\">\n\t\t\t\t\t\t<div class=\"elementor-container elementor-column-gap-default\">\n\t\t\t\t\t<div class=\"elementor-column elementor-col-100 elementor-top-column elementor-element elementor-element-ffb55c5\" data-id=\"ffb55c5\" data-element_type=\"column\" data-e-type=\"column\">\n\t\t\t<div class=\"elementor-widget-wrap\">\n\t\t\t\t\t\t\t<\/div>\n\t\t<\/div>\n\t\t\t\t\t<\/div>\n\t\t<\/section>\n\t\t\t\t<\/div>\n\t\t","protected":false},"excerpt":{"rendered":"<p>Pracuj z nami B\u0104D\u0179 ZWYCI\u0118ZC\u0104 (B\u0104D\u0179 CZ\u0118\u015aCI\u0104 WINNER) Je\u015bli jeste\u015b osob\u0105, kt\u00f3ra lubi sprawia\u0107, \u017ce klienci i kandydaci si\u0119 u\u015bmiechaj\u0105, mo\u017cesz z nami wsp\u00f3\u0142pracowa\u0107. Wierzymy, \u017ce praca powinna by\u0107 przyjemnym miejscem, dlatego dok\u0142adamy wszelkich stara\u0144, aby tak by\u0142o. Je\u015bli jeste\u015b zainteresowany do\u0142\u0105czeniem do zespo\u0142u, skontaktuj si\u0119 z nami. DANE KONTAKTOWE EMAIL info@winnerrecruitment.co.uk TELEFON +44 121 [&hellip;]<\/p>\n","protected":false},"author":6,"featured_media":0,"parent":0,"menu_order":0,"comment_status":"closed","ping_status":"closed","template":"elementor_header_footer","meta":{"footnotes":""},"class_list":["post-5004","page","type-page","status-publish","hentry"],"yoast_head":"<!-- This site is optimized with the Yoast SEO plugin v26.4 - https:\/\/yoast.com\/wordpress\/plugins\/seo\/ -->\n<title>Pracuj z nami - WINNER RECRUITMENT<\/title>\n<meta name=\"description\" content=\"We find jobs for people and people for jobs.All kinds of people, all kinds of jobs. But always the right one. We\u2019d love to know more about what you\u2019re looking for.\" \/>\n<meta name=\"robots\" content=\"index, follow, max-snippet:-1, max-image-preview:large, max-video-preview:-1\" \/>\n<link rel=\"canonical\" href=\"https:\/\/winnerrecruitment.co.uk\/pl\/pracuj-z-nami\/\" \/>\n<meta property=\"og:locale\" content=\"pl_PL\" \/>\n<meta property=\"og:type\" content=\"article\" \/>\n<meta property=\"og:title\" content=\"Pracuj z nami - WINNER RECRUITMENT\" \/>\n<meta property=\"og:description\" content=\"We find jobs for people and people for jobs.All kinds of people, all kinds of jobs. But always the right one. We\u2019d love to know more about what you\u2019re looking for.\" \/>\n<meta property=\"og:url\" content=\"https:\/\/winnerrecruitment.co.uk\/pl\/pracuj-z-nami\/\" \/>\n<meta property=\"og:site_name\" content=\"WINNER RECRUITMENT\" \/>\n<meta property=\"article:modified_time\" content=\"2022-11-25T12:55:41+00:00\" \/>\n<meta name=\"twitter:card\" content=\"summary_large_image\" \/>\n<meta name=\"twitter:label1\" content=\"Szacowany czas czytania\" \/>\n\t<meta name=\"twitter:data1\" content=\"1 minuta\" \/>\n<script type=\"application\/ld+json\" class=\"yoast-schema-graph\">{\"@context\":\"https:\/\/schema.org\",\"@graph\":[{\"@type\":\"WebPage\",\"@id\":\"https:\/\/winnerrecruitment.co.uk\/pl\/pracuj-z-nami\/\",\"url\":\"https:\/\/winnerrecruitment.co.uk\/pl\/pracuj-z-nami\/\",\"name\":\"Pracuj z nami - WINNER RECRUITMENT\",\"isPartOf\":{\"@id\":\"https:\/\/winnerrecruitment.co.uk\/#website\"},\"datePublished\":\"2022-07-25T12:37:29+00:00\",\"dateModified\":\"2022-11-25T12:55:41+00:00\",\"description\":\"We find jobs for people and people for jobs.All kinds of people, all kinds of jobs. But always the right one. We\u2019d love to know more about what you\u2019re looking for.\",\"breadcrumb\":{\"@id\":\"https:\/\/winnerrecruitment.co.uk\/pl\/pracuj-z-nami\/#breadcrumb\"},\"inLanguage\":\"pl-PL\",\"potentialAction\":[{\"@type\":\"ReadAction\",\"target\":[\"https:\/\/winnerrecruitment.co.uk\/pl\/pracuj-z-nami\/\"]}]},{\"@type\":\"BreadcrumbList\",\"@id\":\"https:\/\/winnerrecruitment.co.uk\/pl\/pracuj-z-nami\/#breadcrumb\",\"itemListElement\":[{\"@type\":\"ListItem\",\"position\":1,\"name\":\"Home\",\"item\":\"https:\/\/winnerrecruitment.co.uk\/pl\/\"},{\"@type\":\"ListItem\",\"position\":2,\"name\":\"Pracuj z nami\"}]},{\"@type\":\"WebSite\",\"@id\":\"https:\/\/winnerrecruitment.co.uk\/#website\",\"url\":\"https:\/\/winnerrecruitment.co.uk\/\",\"name\":\"WINNER RECRUITMENT\",\"description\":\"\",\"potentialAction\":[{\"@type\":\"SearchAction\",\"target\":{\"@type\":\"EntryPoint\",\"urlTemplate\":\"https:\/\/winnerrecruitment.co.uk\/?s={search_term_string}\"},\"query-input\":{\"@type\":\"PropertyValueSpecification\",\"valueRequired\":true,\"valueName\":\"search_term_string\"}}],\"inLanguage\":\"pl-PL\"}]}<\/script>\n<!-- \/ Yoast SEO plugin. -->","yoast_head_json":{"title":"Pracuj z nami - WINNER RECRUITMENT","description":"We find jobs for people and people for jobs.All kinds of people, all kinds of jobs. But always the right one. We\u2019d love to know more about what you\u2019re looking for.","robots":{"index":"index","follow":"follow","max-snippet":"max-snippet:-1","max-image-preview":"max-image-preview:large","max-video-preview":"max-video-preview:-1"},"canonical":"https:\/\/winnerrecruitment.co.uk\/pl\/pracuj-z-nami\/","og_locale":"pl_PL","og_type":"article","og_title":"Pracuj z nami - WINNER RECRUITMENT","og_description":"We find jobs for people and people for jobs.All kinds of people, all kinds of jobs. But always the right one. We\u2019d love to know more about what you\u2019re looking for.","og_url":"https:\/\/winnerrecruitment.co.uk\/pl\/pracuj-z-nami\/","og_site_name":"WINNER RECRUITMENT","article_modified_time":"2022-11-25T12:55:41+00:00","twitter_card":"summary_large_image","twitter_misc":{"Szacowany czas czytania":"1 minuta"},"schema":{"@context":"https:\/\/schema.org","@graph":[{"@type":"WebPage","@id":"https:\/\/winnerrecruitment.co.uk\/pl\/pracuj-z-nami\/","url":"https:\/\/winnerrecruitment.co.uk\/pl\/pracuj-z-nami\/","name":"Pracuj z nami - WINNER RECRUITMENT","isPartOf":{"@id":"https:\/\/winnerrecruitment.co.uk\/#website"},"datePublished":"2022-07-25T12:37:29+00:00","dateModified":"2022-11-25T12:55:41+00:00","description":"We find jobs for people and people for jobs.All kinds of people, all kinds of jobs. But always the right one. We\u2019d love to know more about what you\u2019re looking for.","breadcrumb":{"@id":"https:\/\/winnerrecruitment.co.uk\/pl\/pracuj-z-nami\/#breadcrumb"},"inLanguage":"pl-PL","potentialAction":[{"@type":"ReadAction","target":["https:\/\/winnerrecruitment.co.uk\/pl\/pracuj-z-nami\/"]}]},{"@type":"BreadcrumbList","@id":"https:\/\/winnerrecruitment.co.uk\/pl\/pracuj-z-nami\/#breadcrumb","itemListElement":[{"@type":"ListItem","position":1,"name":"Home","item":"https:\/\/winnerrecruitment.co.uk\/pl\/"},{"@type":"ListItem","position":2,"name":"Pracuj z nami"}]},{"@type":"WebSite","@id":"https:\/\/winnerrecruitment.co.uk\/#website","url":"https:\/\/winnerrecruitment.co.uk\/","name":"WINNER RECRUITMENT","description":"","potentialAction":[{"@type":"SearchAction","target":{"@type":"EntryPoint","urlTemplate":"https:\/\/winnerrecruitment.co.uk\/?s={search_term_string}"},"query-input":{"@type":"PropertyValueSpecification","valueRequired":true,"valueName":"search_term_string"}}],"inLanguage":"pl-PL"}]}},"_links":{"self":[{"href":"https:\/\/winnerrecruitment.co.uk\/pl\/wp-json\/wp\/v2\/pages\/5004","targetHints":{"allow":["GET"]}}],"collection":[{"href":"https:\/\/winnerrecruitment.co.uk\/pl\/wp-json\/wp\/v2\/pages"}],"about":[{"href":"https:\/\/winnerrecruitment.co.uk\/pl\/wp-json\/wp\/v2\/types\/page"}],"author":[{"embeddable":true,"href":"https:\/\/winnerrecruitment.co.uk\/pl\/wp-json\/wp\/v2\/users\/6"}],"replies":[{"embeddable":true,"href":"https:\/\/winnerrecruitment.co.uk\/pl\/wp-json\/wp\/v2\/comments?post=5004"}],"version-history":[{"count":4,"href":"https:\/\/winnerrecruitment.co.uk\/pl\/wp-json\/wp\/v2\/pages\/5004\/revisions"}],"predecessor-version":[{"id":6264,"href":"https:\/\/winnerrecruitment.co.uk\/pl\/wp-json\/wp\/v2\/pages\/5004\/revisions\/6264"}],"wp:attachment":[{"href":"https:\/\/winnerrecruitment.co.uk\/pl\/wp-json\/wp\/v2\/media?parent=5004"}],"curies":[{"name":"wp","href":"https:\/\/api.w.org\/{rel}","templated":true}]}}